{"id":3019,"date":"2017-06-05T08:24:24","date_gmt":"2017-06-05T05:24:24","guid":{"rendered":"http:\/\/trcompass.com\/%d0%ba%d0%be%d0%bd%d1%82%d0%b0%d0%ba%d1%82\/"},"modified":"2025-03-17T17:44:45","modified_gmt":"2025-03-17T14:44:45","slug":"%d0%ba%d0%be%d0%bd%d1%82%d0%b0%d0%ba%d1%82","status":"publish","type":"page","link":"https:\/\/trcompass.com\/ru\/%d0%ba%d0%be%d0%bd%d1%82%d0%b0%d0%ba%d1%82\/","title":{"rendered":"\u041a\u043e\u043d\u0442\u0430\u043a\u0442"},"content":{"rendered":"\t\t<div data-elementor-type=\"wp-page\" data-elementor-id=\"3019\" class=\"elementor elementor-3019 elementor-2419\">\n\t\t\t\t\t\t<section class=\"elementor-section elementor-top-section elementor-element elementor-element-fc0050f elementor-section-boxed elementor-section-height-default elementor-section-height-default\" data-id=\"fc0050f\" data-element_type=\"section\" data-e-type=\"section\">\n\t\t\t\t\t\t<div class=\"elementor-container elementor-column-gap-default\">\n\t\t\t\t\t<div class=\"elementor-column elementor-col-100 elementor-top-column elementor-element elementor-element-99e326d\" data-id=\"99e326d\" data-element_type=\"column\" data-e-type=\"column\">\n\t\t\t<div class=\"elementor-widget-wrap elementor-element-populated\">\n\t\t\t\t\t\t<div class=\"elementor-element elementor-element-71a3a5b elementor-widget elementor-widget-heading\" data-id=\"71a3a5b\" data-element_type=\"widget\" data-e-type=\"widget\" data-widget_type=\"heading.default\">\n\t\t\t\t\t<h2 class=\"elementor-heading-title elementor-size-default\">\u0420\u0435\u043a\u0432\u0438\u0437\u0438\u0442\u044b \u043a\u043e\u043c\u043f\u0430\u043d\u0438\u0438\n<\/h2>\t\t\t\t<\/div>\n\t\t\t\t\t<\/div>\n\t\t<\/div>\n\t\t\t\t\t<\/div>\n\t\t<\/section>\n\t\t\t\t<section class=\"elementor-section elementor-top-section elementor-element elementor-element-2030048 elementor-section-boxed elementor-section-height-default elementor-section-height-default\" data-id=\"2030048\" data-element_type=\"section\" data-e-type=\"section\">\n\t\t\t\t\t\t<div class=\"elementor-container elementor-column-gap-default\">\n\t\t\t\t\t<div class=\"elementor-column elementor-col-100 elementor-top-column elementor-element elementor-element-ff58b79\" data-id=\"ff58b79\" data-element_type=\"column\" data-e-type=\"column\">\n\t\t\t<div class=\"elementor-widget-wrap elementor-element-populated\">\n\t\t\t\t\t\t<section class=\"elementor-section elementor-inner-section elementor-element elementor-element-d6772e1 elementor-section-boxed elementor-section-height-default elementor-section-height-default\" data-id=\"d6772e1\" data-element_type=\"section\" data-e-type=\"section\">\n\t\t\t\t\t\t<div class=\"elementor-container elementor-column-gap-default\">\n\t\t\t\t\t<div class=\"elementor-column elementor-col-50 elementor-inner-column elementor-element elementor-element-c5b18dd\" data-id=\"c5b18dd\" data-element_type=\"column\" data-e-type=\"column\">\n\t\t\t<div class=\"elementor-widget-wrap elementor-element-populated\">\n\t\t\t\t\t\t<div class=\"elementor-element elementor-element-c1a204a elementor-widget elementor-widget-text-editor\" data-id=\"c1a204a\" data-element_type=\"widget\" data-e-type=\"widget\" data-widget_type=\"text-editor.default\">\n\t\t\t\t\t\t\t\t\t<h5 style=\"text-align: center;\">\u041d\u0430\u0437\u0432\u0430\u043d\u0438\u0435 \u043a\u043e\u043c\u043f\u0430\u043d\u0438\u0438<\/h5>\n<p style=\"text-align: center;\">TRCOMPASS EMLAK \u0130N\u015eAAT TUR\u0130ZM SANAY\u0130 VE T\u0130CARET L\u0130M\u0130TED \u015e\u0130RKET\u0130<\/p>\n\n<h5 style=\"text-align: center;\">\u0418\u041d\u041d \u043a\u043e\u043c\u043f\u0430\u043d\u0438\u0438<\/h5>\n<div style=\"text-align: center;\" data-pm-slice=\"1 1 []\" data-en-clipboard=\"true\">\u2116 8591264134\u00a0 Kemer V.D<\/div>\n<div data-pm-slice=\"1 1 []\" data-en-clipboard=\"true\">\n<div style=\"text-align: center;\" data-pm-slice=\"1 1 []\" data-en-clipboard=\"true\">T\u00dcRK\u0130YE\u00a0 \u00a0 id 11228156882<\/div>\n<\/div>\t\t\t\t\t\t\t\t<\/div>\n\t\t\t\t\t<\/div>\n\t\t<\/div>\n\t\t\t\t<div class=\"elementor-column elementor-col-50 elementor-inner-column elementor-element elementor-element-dbb62f9\" data-id=\"dbb62f9\" data-element_type=\"column\" data-e-type=\"column\">\n\t\t\t<div class=\"elementor-widget-wrap elementor-element-populated\">\n\t\t\t\t\t\t<div class=\"elementor-element elementor-element-8f646bd elementor-widget elementor-widget-text-editor\" data-id=\"8f646bd\" data-element_type=\"widget\" data-e-type=\"widget\" data-widget_type=\"text-editor.default\">\n\t\t\t\t\t\t\t\t\t<h5 style=\"text-align: center;\">\u041d\u043e\u043c\u0435\u0440 \u0441\u0447\u0435\u0442\u0430<\/h5><div style=\"text-align: left;\" data-pm-slice=\"1 1 []\" data-en-clipboard=\"true\"><span style=\"text-decoration: underline;\">\u0424\u0438\u043b\u0438\u0430\u043b \u0431\u0430\u043d\u043a\u0430, \u0432 \u043a\u043e\u0442\u043e\u0440\u043e\u043c \u043e\u0442\u043a\u0440\u044b\u0442 \u0441\u0447\u0435\u0442:<\/span> <strong>Ziraat Bankas\u0131<\/strong><\/div><div style=\"text-align: left;\"><span style=\"text-decoration: underline;\">C\u0447\u0451\u0442 No<\/span> 97517001-5002 1292- Kemer\/Antalya \u015eubesi<\/div><div style=\"text-align: left;\"><span style=\"text-decoration: underline;\">Iban no:<\/span> TR49 0001 0012 9297 5170 0150 02<\/div>\t\t\t\t\t\t\t\t<\/div>\n\t\t\t\t\t<\/div>\n\t\t<\/div>\n\t\t\t\t\t<\/div>\n\t\t<\/section>\n\t\t\t\t\t<\/div>\n\t\t<\/div>\n\t\t\t\t\t<\/div>\n\t\t<\/section>\n\t\t\t\t<\/div>\n\t\t","protected":false},"excerpt":{"rendered":"<p>\u0420\u0435\u043a\u0432\u0438\u0437\u0438\u0442\u044b \u043a\u043e\u043c\u043f\u0430\u043d\u0438\u0438 \u041d\u0430\u0437\u0432\u0430\u043d\u0438\u0435 \u043a\u043e\u043c\u043f\u0430\u043d\u0438\u0438 TRCOMPASS EMLAK \u0130N\u015eAAT TUR\u0130ZM SANAY\u0130 VE T\u0130CARET L\u0130M\u0130TED \u015e\u0130RKET\u0130 \u0418\u041d\u041d \u043a\u043e\u043c\u043f\u0430\u043d\u0438\u0438 \u2116 8591264134&nbsp; Kemer V.D T\u00dcRK\u0130YE&nbsp; &nbsp; id 11228156882 \u041d\u043e\u043c\u0435\u0440 \u0441\u0447\u0435\u0442\u0430 \u0424\u0438\u043b\u0438\u0430\u043b \u0431\u0430\u043d\u043a\u0430, \u0432 \u043a\u043e\u0442\u043e\u0440\u043e\u043c \u043e\u0442\u043a\u0440\u044b\u0442 \u0441\u0447\u0435\u0442: Ziraat Bankas\u0131C\u0447\u0451\u0442 No 97517001-5002 1292- Kemer\/Antalya \u015eubesiIban no: TR49 0001 0012 9297 5170 0150 02<\/p>\n","protected":false},"author":1,"featured_media":6941,"parent":0,"menu_order":0,"comment_status":"open","ping_status":"closed","template":"templates\/contact.php","meta":{"inline_featured_image":false,"footnotes":""},"class_list":["post-3019","page","type-page","status-publish","has-post-thumbnail","hentry"],"_links":{"self":[{"href":"https:\/\/trcompass.com\/ru\/wp-json\/wp\/v2\/pages\/3019","targetHints":{"allow":["GET"]}}],"collection":[{"href":"https:\/\/trcompass.com\/ru\/wp-json\/wp\/v2\/pages"}],"about":[{"href":"https:\/\/trcompass.com\/ru\/wp-json\/wp\/v2\/types\/page"}],"author":[{"embeddable":true,"href":"https:\/\/trcompass.com\/ru\/wp-json\/wp\/v2\/users\/1"}],"replies":[{"embeddable":true,"href":"https:\/\/trcompass.com\/ru\/wp-json\/wp\/v2\/comments?post=3019"}],"version-history":[{"count":0,"href":"https:\/\/trcompass.com\/ru\/wp-json\/wp\/v2\/pages\/3019\/revisions"}],"wp:featuredmedia":[{"embeddable":true,"href":"https:\/\/trcompass.com\/ru\/wp-json\/wp\/v2\/media\/6941"}],"wp:attachment":[{"href":"https:\/\/trcompass.com\/ru\/wp-json\/wp\/v2\/media?parent=3019"}],"curies":[{"name":"wp","href":"https:\/\/api.w.org\/{rel}","templated":true}]}}