{"id":6450,"date":"2023-06-07T16:46:30","date_gmt":"2023-06-07T13:46:30","guid":{"rendered":"http:\/\/trcompass.com\/homepage\/"},"modified":"2023-08-11T15:15:26","modified_gmt":"2023-08-11T12:15:26","slug":"homepage","status":"publish","type":"page","link":"https:\/\/trcompass.com\/de\/","title":{"rendered":"Homepage"},"content":{"rendered":"\n<div class=\"wp-block-group alignfull has-background\" style=\"background-color:#f8f4e4\"><div class=\"wp-block-group__inner-container is-layout-flow wp-block-group-is-layout-flow\">\n<div class=\"wp-block-columns alignwide is-layout-flex wp-container-core-columns-is-layout-9d6595d7 wp-block-columns-is-layout-flex\">\n<div class=\"wp-block-column is-layout-flow wp-block-column-is-layout-flow\">\n<div style=\"height:5px\" aria-hidden=\"true\" class=\"wp-block-spacer\"><\/div>\n\n\n\n<h1 class=\"wp-block-heading has-text-align-left color-h has-text-color\" style=\"color:#0c4d89\">TrCompass Real Estate \u00ae | REAL ESTATE FOR SALE<\/h1>\n<\/div>\n<\/div>\n\n\n\n<div class=\"wp-block-columns alignwide is-layout-flex wp-container-core-columns-is-layout-9d6595d7 wp-block-columns-is-layout-flex\">\n<div class=\"wp-block-column is-layout-flow wp-block-column-is-layout-flow\" style=\"flex-basis:33.38%\">\n<p>  TrCompass Real Estate \u00ae bietet eine breite Palette von Anlageimmobilien in der T\u00fcrkei. K\u00e4ufer k\u00f6nnen auf unserer Website ganz einfach Villen, Wohnungen, Grundst\u00fccke, Gesch\u00e4ftszentren, Gesch\u00e4fte und viele andere Immobilien finden.  <\/p>\n\n\n\n<figure class=\"wp-block-image size-full\"><img fetchpriority=\"high\" decoding=\"async\" width=\"585\" height=\"313\" src=\"http:\/\/trcompass.com\/wp-content\/uploads\/2023\/07\/turk-invest-1.png\" alt=\"\" class=\"wp-image-6672\" srcset=\"https:\/\/trcompass.com\/wp-content\/uploads\/2023\/07\/turk-invest-1.png 585w, https:\/\/trcompass.com\/wp-content\/uploads\/2023\/07\/turk-invest-1-280x150.png 280w, https:\/\/trcompass.com\/wp-content\/uploads\/2023\/07\/turk-invest-1-150x80.png 150w\" sizes=\"(max-width: 585px) 100vw, 585px\" \/><\/figure>\n<\/div>\n\n\n\n<div class=\"wp-block-column is-layout-flow wp-block-column-is-layout-flow\" style=\"flex-basis:33%\">\n<h4 class=\"wp-block-heading has-text-align-left color-h has-text-color\" style=\"color: #0c4d89; text-align: center;\">AUSLANDSBERATUNG<\/h4>\n<p><\/p>\n\n\n<div class=\"wp-block-image\">\n<figure class=\"alignright size-large is-resized\"><img decoding=\"async\" src=\"http:\/\/trcompass.com\/wp-content\/uploads\/2023\/07\/ikamet-izni-basvurusu-653x612.png\" alt=\"\" class=\"wp-image-6662\" width=\"157\" height=\"147\" srcset=\"https:\/\/trcompass.com\/wp-content\/uploads\/2023\/07\/ikamet-izni-basvurusu-653x612.png 653w, https:\/\/trcompass.com\/wp-content\/uploads\/2023\/07\/ikamet-izni-basvurusu-160x150.png 160w, https:\/\/trcompass.com\/wp-content\/uploads\/2023\/07\/ikamet-izni-basvurusu-768x720.png 768w, https:\/\/trcompass.com\/wp-content\/uploads\/2023\/07\/ikamet-izni-basvurusu-150x141.png 150w, https:\/\/trcompass.com\/wp-content\/uploads\/2023\/07\/ikamet-izni-basvurusu.png 800w\" sizes=\"(max-width: 157px) 100vw, 157px\" \/><\/figure>\n<\/div><\/div>\n\n\n\n<div class=\"wp-block-column is-layout-flow wp-block-column-is-layout-flow\" style=\"flex-basis:33.62%\">\n<ul style=\"font-size:18px\">\n<li>touristisches Visum<\/li>\n<li>ARBEITSVISA<\/li>\n<li>STUDENTENVISUM<\/li>\n<li>SITZUNG SITZUNG<\/li>\n<li>PATRIOTISMUS<\/li>\n<li>ABSCHIEBEN ENTFERNEN<\/li>\n<li>annulliert unter Vorbehalt<\/li>\n<li>SiGORTA<\/li>\n<\/ul>\n<\/div>\n<\/div>\n\n\n\n<div class=\"wp-block-columns alignwide is-layout-flex wp-container-core-columns-is-layout-9d6595d7 wp-block-columns-is-layout-flex\">\n<div class=\"wp-block-column is-layout-flow wp-block-column-is-layout-flow\" style=\"flex-basis:67%\">\n<figure class=\"wp-block-gallery alignwide has-nested-images columns-default is-cropped wp-block-gallery-1 is-layout-flex wp-block-gallery-is-layout-flex\">\n<figure class=\"wp-block-image alignwide size-large\"><img decoding=\"async\" width=\"1024\" height=\"515\" data-id=\"5751\" src=\"http:\/\/trcompass.com\/wp-content\/uploads\/2023\/05\/bedroom_1-1-1024x515.jpg\" alt=\"\" class=\"wp-image-5751\" srcset=\"https:\/\/trcompass.com\/wp-content\/uploads\/2023\/05\/bedroom_1-1-1024x515.jpg 1024w, https:\/\/trcompass.com\/wp-content\/uploads\/2023\/05\/bedroom_1-1-300x151.jpg 300w, https:\/\/trcompass.com\/wp-content\/uploads\/2023\/05\/bedroom_1-1-768x386.jpg 768w, https:\/\/trcompass.com\/wp-content\/uploads\/2023\/05\/bedroom_1-1-1536x772.jpg 1536w, https:\/\/trcompass.com\/wp-content\/uploads\/2023\/05\/bedroom_1-1-150x75.jpg 150w, https:\/\/trcompass.com\/wp-content\/uploads\/2023\/05\/bedroom_1-1-536x269.jpg 536w, https:\/\/trcompass.com\/wp-content\/uploads\/2023\/05\/bedroom_1-1.jpg 1919w\" sizes=\"(max-width: 1024px) 100vw, 1024px\" \/><figcaption class=\"wp-element-caption\">Qualit\u00e4t und Garantie auf alle M\u00f6bel<\/figcaption><\/figure>\n<\/figure>\n<\/div>\n\n\n\n<div class=\"wp-block-column is-vertically-aligned-top is-layout-flow wp-block-column-is-layout-flow\" style=\"flex-basis:33%\">\n<h1 class=\"has-text-align-center\"><span style=\"color: #003366;\">Wir fertigen M\u00f6bel nach Ma\u00df an!<\/span><\/h1>\n\n\n\n<p>  Wir bieten Ihnen die M\u00f6glichkeit, Ihre k\u00fchnsten Ideen zu verwirklichen und M\u00f6bel zu schaffen, die ganz Ihren Bed\u00fcrfnissen entsprechen und Ihren pers\u00f6nlichen Stil widerspiegeln. Unser erfahrenes Team von Designern und Handwerkern wird Ihre Tr\u00e4ume in sorgf\u00e4ltig gefertigte und wundersch\u00f6n ausgef\u00fchrte M\u00f6belst\u00fccke verwandeln.<\/p>\n\n\n\n<p>  Was macht uns besonders? Wir setzen voll auf Qualit\u00e4t und Individualit\u00e4t. Wir arbeiten eng mit jedem unserer Kunden zusammen, um seine individuellen Vorlieben zu verstehen und M\u00f6bel zu entwerfen, die perfekt zu seinem Lebensstil passen.<\/p>\n<\/div>\n<\/div>\n<\/div><\/div>\n","protected":false},"excerpt":{"rendered":"<p>TrCompass Real Estate \u00ae | REAL ESTATE FOR SALE TrCompass Real Estate \u00ae bietet eine breite Palette von Anlageimmobilien in der T\u00fcrkei. K\u00e4ufer k\u00f6nnen auf unserer Website ganz einfach Villen, Wohnungen, Grundst\u00fccke, Gesch\u00e4ftszentren, Gesch\u00e4fte und viele andere Immobilien finden. AUSLANDSBERATUNG touristisches Visum ARBEITSVISA STUDENTENVISUM SITZUNG SITZUNG PATRIOTISMUS ABSCHIEBEN ENTFERNEN annulliert unter Vorbehalt SiGORTA Wir fertigen&#8230;<\/p>\n","protected":false},"author":1,"featured_media":0,"parent":0,"menu_order":0,"comment_status":"closed","ping_status":"closed","template":"templates\/home.php","meta":{"inline_featured_image":false,"footnotes":""},"class_list":["post-6450","page","type-page","status-publish","hentry"],"_links":{"self":[{"href":"https:\/\/trcompass.com\/de\/wp-json\/wp\/v2\/pages\/6450","targetHints":{"allow":["GET"]}}],"collection":[{"href":"https:\/\/trcompass.com\/de\/wp-json\/wp\/v2\/pages"}],"about":[{"href":"https:\/\/trcompass.com\/de\/wp-json\/wp\/v2\/types\/page"}],"author":[{"embeddable":true,"href":"https:\/\/trcompass.com\/de\/wp-json\/wp\/v2\/users\/1"}],"replies":[{"embeddable":true,"href":"https:\/\/trcompass.com\/de\/wp-json\/wp\/v2\/comments?post=6450"}],"version-history":[{"count":0,"href":"https:\/\/trcompass.com\/de\/wp-json\/wp\/v2\/pages\/6450\/revisions"}],"wp:attachment":[{"href":"https:\/\/trcompass.com\/de\/wp-json\/wp\/v2\/media?parent=6450"}],"curies":[{"name":"wp","href":"https:\/\/api.w.org\/{rel}","templated":true}]}}