{"id":5696,"date":"2023-05-15T19:30:55","date_gmt":"2023-05-15T16:30:55","guid":{"rendered":"http:\/\/trcompass.com\/moebelbau\/"},"modified":"2023-08-07T16:35:05","modified_gmt":"2023-08-07T13:35:05","slug":"moebelbau","status":"publish","type":"page","link":"https:\/\/trcompass.com\/de\/moebelbau\/","title":{"rendered":"M\u00f6belbau"},"content":{"rendered":"\n          \n\n          <h1 style=\"text-align: center;\">\n            <span style=\"color: #3598db;\">EIGENE M\u00d6BELHERSTELLUNG<\/span>\n          <\/h1>\n          \n\n          <p>  Unser Unternehmen fertigt eine Vielzahl von M\u00f6beln nach individuellen Entw\u00fcrfen. Unsere Experten arbeiten mit Ihnen vor Ort zusammen, um Ihren Anforderungen gerecht zu werden, beraten Sie bei der Gestaltung und nehmen vor Ort die notwendigen Messungen vor. Anschlie\u00dfend werden Sie in eine M\u00f6belfabrik gebracht, wo Sie die Materialien f\u00fcr Ihre M\u00f6bel entsprechend Ihrem Budget ausw\u00e4hlen k\u00f6nnen. Unsere Fabrik fertigt nicht nur M\u00f6bel f\u00fcr den Wohnbereich, sondern auch f\u00fcr den gewerblichen Bereich. F\u00fcr Handels-, Lager- und Produktionszwecke. Alles wird streng in Absprache mit dem Kunden und einer Qualit\u00e4tsgarantie f\u00fcr die Verarbeitung und Installation durchgef\u00fchrt.  <\/p>\n          \n\n          <p> <\/p>\n          \n\n        \n\n","protected":false},"excerpt":{"rendered":"<p>EIGENE M\u00d6BELHERSTELLUNG Unser Unternehmen fertigt eine Vielzahl von M\u00f6beln nach individuellen Entw\u00fcrfen. Unsere Experten arbeiten mit Ihnen vor Ort zusammen, um Ihren Anforderungen gerecht zu werden, beraten Sie bei der Gestaltung und nehmen vor Ort die notwendigen Messungen vor. Anschlie\u00dfend werden Sie in eine M\u00f6belfabrik gebracht, wo Sie die Materialien f\u00fcr Ihre M\u00f6bel entsprechend Ihrem&#8230;<\/p>\n","protected":false},"author":1,"featured_media":0,"parent":0,"menu_order":0,"comment_status":"closed","ping_status":"closed","template":"","meta":{"inline_featured_image":false,"footnotes":""},"class_list":["post-5696","page","type-page","status-publish","hentry"],"_links":{"self":[{"href":"https:\/\/trcompass.com\/de\/wp-json\/wp\/v2\/pages\/5696","targetHints":{"allow":["GET"]}}],"collection":[{"href":"https:\/\/trcompass.com\/de\/wp-json\/wp\/v2\/pages"}],"about":[{"href":"https:\/\/trcompass.com\/de\/wp-json\/wp\/v2\/types\/page"}],"author":[{"embeddable":true,"href":"https:\/\/trcompass.com\/de\/wp-json\/wp\/v2\/users\/1"}],"replies":[{"embeddable":true,"href":"https:\/\/trcompass.com\/de\/wp-json\/wp\/v2\/comments?post=5696"}],"version-history":[{"count":0,"href":"https:\/\/trcompass.com\/de\/wp-json\/wp\/v2\/pages\/5696\/revisions"}],"wp:attachment":[{"href":"https:\/\/trcompass.com\/de\/wp-json\/wp\/v2\/media?parent=5696"}],"curies":[{"name":"wp","href":"https:\/\/api.w.org\/{rel}","templated":true}]}}