{"id":5675,"date":"2023-05-15T10:32:56","date_gmt":"2023-05-15T07:32:56","guid":{"rendered":"http:\/\/trcompass.com\/immobilienbewertung-in-der-tuerkei\/"},"modified":"2023-05-15T19:19:28","modified_gmt":"2023-05-15T16:19:28","slug":"immobilienbewertung-in-der-tuerkei","status":"publish","type":"page","link":"https:\/\/trcompass.com\/de\/immobilienbewertung-in-der-tuerkei\/","title":{"rendered":"Immobilienbewertung in der T\u00fcrkei"},"content":{"rendered":"\n          \n\n          <p>  Die Bewertung einer Immobilie durch einen staatlichen Sachverst\u00e4ndigen zeigt den nominalen Marktwert der Immobilie. Ausl\u00e4nder, die den Kauf einer Immobilie planen, sind verpflichtet, dieses Gutachten einzuholen. Damit soll sichergestellt werden, dass ausl\u00e4ndische K\u00e4ufer in der T\u00fcrkei Immobilien zu einem realistischen Preis erwerben.<\/p>\n          \n\n          <p> <\/p>\n          \n\n          <h3 style=\"text-align: center;\">\n            <span style=\"color: #ba372a;\">Katasterwert und Hauspreise<\/span>\n          <\/h3>\n          \n\n          <div style=\"background-color: #ecf0f1; border-color: #CED4D9; border-style: dotted; padding: 10px 20px;\">\n            \n\n            <p>  \u26a0\ufe0f <strong>Was ist der Katasterwert einer Immobilie in der T\u00fcrkei? <\/strong>Es handelt sich um den Wert einer Immobilie, der vom Staat durch eine Katasterbewertung festgelegt wird. Sowohl die j\u00e4hrliche Grundsteuer in der T\u00fcrkei (2 % des Katasterwerts) als auch die Grunderwerbssteuer (4 % des Katasterwerts) werden von diesem Wert berechnet.<\/p>\n            \n\n            <p>  In den meisten F\u00e4llen entspricht der Katasterwert einer Immobilie nicht ihrem Marktwert (zu niedrig angesetzt). Nur beim Kauf einer Immobilie in der T\u00fcrkei als Teil der Staatsb\u00fcrgerschaft muss der h\u00f6chste Katasterwert der Immobilie angegeben werden, da dieser bei der Berechnung des Investitionsbetrags f\u00fcr die t\u00fcrkische Staatsb\u00fcrgerschaft ber\u00fccksichtigt wird.<\/p>\n            \n\n            <p>  Die Katasterbewertung findet ebenfalls vor der Transaktion statt &#8211; wenn die Unterlagen bereits beim Katasteramt eingereicht wurden und der K\u00e4ufer den erforderlichen Betrag vor der Transaktion in Lira umtauschen und den Umtauschbeleg vorlegen muss.<\/p>\n            \n\n          <\/div>\n          \n\n          <p> <\/p>\n          \n\n          <h3 style=\"text-align: center;\">\n            <span style=\"color: #236fa1;\">Was eine Immobilienbewertung durch einen Sachverst\u00e4ndigen bedeutet<\/span>\n          <\/h3>\n          \n\n          <p>  Die Bewertung einer Wohnung oder eines Hauses gibt Auskunft \u00fcber den Wert der Immobilie auf der Grundlage ihrer Merkmale, ihres Zustands, ihrer Lage usw. Die Bewertung wird von zwei zertifizierten, vom SPK (kurz f\u00fcr &#8220;Sermaye Piyasas\u0131 Kurulu&#8221; des Kapitalmarktrats) zugelassenen Sachverst\u00e4ndigen durchgef\u00fchrt. Beide Sachverst\u00e4ndigen sind vereidigte Gutachter.<\/p>\n          \n\n          <h3 style=\"text-align: center;\">\n            <span style=\"color: #236fa1;\">Wozu es gut ist<\/span>\n          <\/h3>\n          \n\n          <p>  Einem Regierungserlass zufolge ist f\u00fcr den Verkauf von Immobilien an Ausl\u00e4nder ein Gutachten (Wertgutachten) obligatorisch. Der Grund daf\u00fcr ist, dass die Regierung den tats\u00e4chlichen Marktwert der Immobilie wissen m\u00f6chte, anstatt sich auf den angegebenen Wert zu verlassen.<\/p>\n          \n\n          <p>  Zuvor konnten Verk\u00e4ufer den Verkaufswert zu niedrig ansetzen, um die Zahlung der gesamten Steuern zu vermeiden. Daher wird die Bewertung als Hauptindikator f\u00fcr die Berechnung der Grundsteuer verwendet.<\/p>\n          \n\n          <h3 style=\"text-align: center;\">\n            <span style=\"color: #236fa1;\">Arten von Sachverst\u00e4ndigengutachten f\u00fcr Immobilien<\/span>\n          <\/h3>\n          \n\n          <p style=\"text-align: center;\">\n            <span style=\"color: #236fa1;\">\n              <span style=\"color: #333333; font-family: open_sansregular, arial; font-size: 14px; font-style: normal; font-variant-ligatures: normal; font-variant-caps: normal; font-weight: 400; letter-spacing: normal; orphans: 2; text-align: left; text-indent: 0px; text-transform: none; white-space: normal; widows: 2; word-spacing: 0px; -webkit-text-stroke-width: 0px; background-color: #ffffff; text-decoration-thickness: initial; text-decoration-style: initial; text-decoration-color: initial; display: inline !important; float: none;\">\n                <span style=\"font-size: 18px;\">  In der T\u00fcrkei gibt es zwei Arten von Sachverst\u00e4ndigengutachten.  <\/span>\n                <br\/>\n              <\/span>\n            <\/span>\n          <\/p>\n          \n\n          <ol>\n            \n\n            <li>\n              <strong>Bewertung von Immobilien;<\/strong>\n            <\/li>\n            \n\n            <li>\n              <strong>Projektbewertung mit einer Machbarkeitsstudie;<\/strong>\n            <\/li>\n            \n\n          <\/ol>\n          \n\n          <h3 style=\"text-align: center;\">\n            <span style=\"color: #000000; font-family: 'Open Sans', sans-serif; font-size: 14px; font-style: normal; font-variant-ligatures: normal; font-variant-caps: normal; font-weight: 400; letter-spacing: normal; orphans: 2; text-align: start; text-indent: 0px; text-transform: none; white-space: normal; widows: 2; word-spacing: 0px; -webkit-text-stroke-width: 0px; text-decoration-thickness: initial; text-decoration-style: initial; text-decoration-color: initial; display: inline !important; float: none;\">\n              <span style=\"font-size: 18px;\">\n                <strong>  Immobilienbewertungen ( Arten von Bewertungen )<br\/><\/strong>\n              <\/span>\n            <\/span>\n          <\/h3>\n          \n\n          <ul>\n            \n\n            <li>Bewertung der Wohnsituation;<\/li>\n            \n\n            <li>Bewertung von Gewerbeimmobilien (R\u00e4umlichkeiten);<\/li>\n            \n\n            <li>Bewertung von landwirtschaftlichen Fl\u00e4chen. Zielort;<\/li>\n            \n\n            <li>Bewertung von Hotels;<\/li>\n            \n\n            <li>Bewertung der Stadterneuerung;<\/li>\n            \n\n            <li>Bewertung von Kohlebergbau und Gaswerken;<\/li>\n            \n\n            <li>Bewertung von Seeschiffen und Flugzeugen;<\/li>\n            \n\n            <li>Bewertung der Marke;<\/li>\n            \n\n            <li>Bewertung von Unternehmen;<\/li>\n            \n\n          <\/ul>\n          \n\n          <p> <\/p>\n          \n\n          <h3 style=\"text-align: center;\">\n            <span style=\"color: #236fa1;\">Inhalt der Pr\u00fcfung<\/span>\n          <\/h3>\n          \n\n          <ul>\n            \n\n            <li>Informationen zum Eigentum;<\/li>\n            \n\n            <li>Lage auf der Katasterkarte;<\/li>\n            \n\n            <li>Aktuelle Fotos;<\/li>\n            \n\n            <li>Preise f\u00fcr \u00e4hnliche Immobilien;<\/li>\n            \n\n            <li>Vorhersage des Preises f\u00fcr diese Immobilie;<\/li>\n            \n\n            <li>\u00dcberpr\u00fcfung der R\u00fcckst\u00e4nde und des technischen Zustands der Immobilie bei der Gemeinde und dem Katasteramt.<\/li>\n            \n\n          <\/ul>\n          \n\n          <p>  Je nach den Merkmalen der Immobilie enth\u00e4lt die Bewertung auch zus\u00e4tzliche Informationen. Der Pr\u00fcfer erstellt eine Bewertung, wobei er in der Regel eine der drei unten aufgef\u00fchrten Methoden anwendet. Die Wahl der Methode h\u00e4ngt von den spezifischen Merkmalen des Standorts ab:<\/p>\n          \n\n          <p><strong>Vergleichsmethode der Immobilienbewertung<\/strong>: Die Immobilie wird mit mehreren \u00e4hnlichen Optionen verglichen.<\/p>\n          \n\n          <p><strong>Das Ertragswertverfahren<\/strong>: Der Wert der Immobilie wird auf der Grundlage der Berechnung der erwarteten Ertr\u00e4ge aus dem Eigentum ermittelt.<\/p>\n          \n\n          <p><strong>Kostenmethode:<\/strong> Sie basiert auf der Ermittlung der Kosten, die zur Wiederherstellung der Immobilie in der aktuellen wirtschaftlichen Situation erforderlich sind.<\/p>\n          \n\n          <p>Wie kann ich ein Gutachten f\u00fcr meine Wohnung in der T\u00fcrkei erstellen?<br\/>F\u00fcr die Erstellung eines Immobiliengutachtens in t\u00fcrkischen Millionenst\u00e4dten werden 3 Tage ben\u00f6tigt. In anderen St\u00e4dten k\u00f6nnen weitere 3 Tage erforderlich sein (das Verfahren dauert insgesamt 6 Tage). Hotelbewertungen dauern je nach Stadt durchschnittlich 15 Tage.<\/p>\n          \n\n          <p>Sie k\u00f6nnen auch andere Arten von Bewertungen anfordern, z. B. eine Projektbewertung mit einer Durchf\u00fchrbarkeitsstudie, einen Grundst\u00fccksbewertungsbericht, einen Unternehmensbewertungsbericht, eine Unternehmensbewertung, eine Markenbewertung usw. Diese Berichte k\u00f6nnen zwischen 2 Wochen und 1 Monat dauern.<\/p>\n          \n\n          <p>Wenn Sie Ihre Immobilie von TrCompass Real Estate kaufen, k\u00f6nnen wir Ihnen helfen, dieses Dokument innerhalb von 2 Tagen auszuf\u00fcllen. Da wir die Bestpreisgarantie bieten, sind alle Immobilienangebote auf unserer Website vorqualifiziert.<\/p>\n          \n\n          <p>Vorteile der Zusammenarbeit mit TrCompass Real Estate bei der Erstellung des Gutachtens<br\/>TrCompass Real Estate arbeitet mit unabh\u00e4ngigen Immobiliensachverst\u00e4ndigen zusammen, die von Sermaye Piyasas\u0131 Kurulu zugelassen sind. Sermaye Piyasas\u0131 Kurulu bedeutet auf T\u00fcrkisch Kapitalmarktrat, das h\u00f6chste Finanz- und Bankenaufsichtsorgan der T\u00fcrkei.<\/p>\n          \n\n          <p>Wir k\u00f6nnen Ihnen in der gesamten T\u00fcrkei fachkundige Immobilienbewertungen anbieten. Sie k\u00f6nnen sich mit uns in Verbindung setzen, um einen Kostenvoranschlag und die Fristen f\u00fcr den Immobilienbewertungsbericht und die Projektdurchf\u00fchrbarkeitsstudie zu erhalten.<\/p>\n          \n\n        \n","protected":false},"excerpt":{"rendered":"<p>Die Bewertung einer Immobilie durch einen staatlichen Sachverst\u00e4ndigen zeigt den nominalen Marktwert der Immobilie. Ausl\u00e4nder, die den Kauf einer Immobilie planen, sind verpflichtet, dieses Gutachten einzuholen. Damit soll sichergestellt werden, dass ausl\u00e4ndische K\u00e4ufer in der T\u00fcrkei Immobilien zu einem realistischen Preis erwerben. Katasterwert und Hauspreise \u26a0\ufe0f Was ist der Katasterwert einer Immobilie in der T\u00fcrkei?&#8230;<\/p>\n","protected":false},"author":1,"featured_media":0,"parent":0,"menu_order":0,"comment_status":"closed","ping_status":"closed","template":"","meta":{"inline_featured_image":false,"footnotes":""},"class_list":["post-5675","page","type-page","status-publish","hentry"],"_links":{"self":[{"href":"https:\/\/trcompass.com\/de\/wp-json\/wp\/v2\/pages\/5675","targetHints":{"allow":["GET"]}}],"collection":[{"href":"https:\/\/trcompass.com\/de\/wp-json\/wp\/v2\/pages"}],"about":[{"href":"https:\/\/trcompass.com\/de\/wp-json\/wp\/v2\/types\/page"}],"author":[{"embeddable":true,"href":"https:\/\/trcompass.com\/de\/wp-json\/wp\/v2\/users\/1"}],"replies":[{"embeddable":true,"href":"https:\/\/trcompass.com\/de\/wp-json\/wp\/v2\/comments?post=5675"}],"version-history":[{"count":0,"href":"https:\/\/trcompass.com\/de\/wp-json\/wp\/v2\/pages\/5675\/revisions"}],"wp:attachment":[{"href":"https:\/\/trcompass.com\/de\/wp-json\/wp\/v2\/media?parent=5675"}],"curies":[{"name":"wp","href":"https:\/\/api.w.org\/{rel}","templated":true}]}}