{"id":4654,"date":"2022-07-17T16:53:04","date_gmt":"2022-07-17T13:53:04","guid":{"rendered":"http:\/\/trcompass.com\/unsere-aktivitaeten\/"},"modified":"2023-08-11T15:15:28","modified_gmt":"2023-08-11T12:15:28","slug":"unsere-aktivitaeten","status":"publish","type":"page","link":"https:\/\/trcompass.com\/de\/unsere-aktivitaeten\/","title":{"rendered":"Unser Gesch\u00e4ft"},"content":{"rendered":"\t\t<div data-elementor-type=\"wp-page\" data-elementor-id=\"4654\" class=\"elementor elementor-4654 elementor-4656\">\n\t\t\t\t\t\t<section class=\"elementor-section elementor-top-section elementor-element elementor-element-b377058 elementor-section-boxed elementor-section-height-default elementor-section-height-default\" data-id=\"b377058\" data-element_type=\"section\" data-e-type=\"section\">\n\t\t\t\t\t\t<div class=\"elementor-container elementor-column-gap-default\">\n\t\t\t\t\t<div class=\"elementor-column elementor-col-100 elementor-top-column elementor-element elementor-element-9dcd6ac\" data-id=\"9dcd6ac\" data-element_type=\"column\" data-e-type=\"column\">\n\t\t\t<div class=\"elementor-widget-wrap elementor-element-populated\">\n\t\t\t\t\t\t<div class=\"elementor-element elementor-element-c64e49e elementor-widget elementor-widget-heading\" data-id=\"c64e49e\" data-element_type=\"widget\" data-e-type=\"widget\" data-widget_type=\"heading.default\">\n\t\t\t\t\t<h4 class=\"elementor-heading-title elementor-size-default\">DIENSTLEISTUNGEN UND AKTIVIT\u00c4TEN<\/h4>\t\t\t\t<\/div>\n\t\t\t\t\t<\/div>\n\t\t<\/div>\n\t\t\t\t\t<\/div>\n\t\t<\/section>\n\t\t\t\t<section class=\"elementor-section elementor-top-section elementor-element elementor-element-5b7caef elementor-section-boxed elementor-section-height-default elementor-section-height-default\" data-id=\"5b7caef\" data-element_type=\"section\" data-e-type=\"section\">\n\t\t\t\t\t\t<div class=\"elementor-container elementor-column-gap-default\">\n\t\t\t\t\t<div class=\"elementor-column elementor-col-100 elementor-top-column elementor-element elementor-element-22de30f\" data-id=\"22de30f\" data-element_type=\"column\" data-e-type=\"column\">\n\t\t\t<div class=\"elementor-widget-wrap elementor-element-populated\">\n\t\t\t\t\t\t<div class=\"elementor-element elementor-element-d5a4eb5 elementor-widget elementor-widget-heading\" data-id=\"d5a4eb5\" data-element_type=\"widget\" data-e-type=\"widget\" data-widget_type=\"heading.default\">\n\t\t\t\t\t<h4 class=\"elementor-heading-title elementor-size-default\">TRCOMPASS EMLAK CONSTRUCTION TOURISM INDUSTRY AND HANDEL COMPANY\n<\/h4>\t\t\t\t<\/div>\n\t\t\t\t\t<\/div>\n\t\t<\/div>\n\t\t\t\t\t<\/div>\n\t\t<\/section>\n\t\t\t\t<section class=\"elementor-section elementor-top-section elementor-element elementor-element-f803a42 elementor-section-boxed elementor-section-height-default elementor-section-height-default\" data-id=\"f803a42\" data-element_type=\"section\" data-e-type=\"section\">\n\t\t\t\t\t\t<div class=\"elementor-container elementor-column-gap-default\">\n\t\t\t\t\t<div class=\"elementor-column elementor-col-100 elementor-top-column elementor-element elementor-element-d956117\" data-id=\"d956117\" data-element_type=\"column\" data-e-type=\"column\">\n\t\t\t<div class=\"elementor-widget-wrap elementor-element-populated\">\n\t\t\t\t\t\t<div class=\"elementor-element elementor-element-b66d492 elementor-tabs-view-horizontal elementor-widget elementor-widget-tabs\" data-id=\"b66d492\" data-element_type=\"widget\" data-e-type=\"widget\" data-widget_type=\"tabs.default\">\n\t\t\t\t\t\t\t<div class=\"elementor-tabs\">\n\t\t\t<div class=\"elementor-tabs-wrapper\" role=\"tablist\" >\n\t\t\t\t\t\t\t\t\t<div id=\"elementor-tab-title-1911\" class=\"elementor-tab-title elementor-tab-desktop-title\" aria-selected=\"true\" data-tab=\"1\" role=\"tab\" tabindex=\"0\" aria-controls=\"elementor-tab-content-1911\" aria-expanded=\"false\">UNSERE DIENSTLEISTUNGEN<\/div>\n\t\t\t\t\t\t\t\t\t<div id=\"elementor-tab-title-1912\" class=\"elementor-tab-title elementor-tab-desktop-title\" aria-selected=\"false\" data-tab=\"2\" role=\"tab\" tabindex=\"-1\" aria-controls=\"elementor-tab-content-1912\" aria-expanded=\"false\">IMMOBILIEN UND WOHNSITZ<\/div>\n\t\t\t\t\t\t\t\t\t<div id=\"elementor-tab-title-1913\" class=\"elementor-tab-title elementor-tab-desktop-title\" aria-selected=\"false\" data-tab=\"3\" role=\"tab\" tabindex=\"-1\" aria-controls=\"elementor-tab-content-1913\" aria-expanded=\"false\">KONSTRUKTION<\/div>\n\t\t\t\t\t\t\t\t\t<div id=\"elementor-tab-title-1914\" class=\"elementor-tab-title elementor-tab-desktop-title\" aria-selected=\"false\" data-tab=\"4\" role=\"tab\" tabindex=\"-1\" aria-controls=\"elementor-tab-content-1914\" aria-expanded=\"false\">TOURISMUS<\/div>\n\t\t\t\t\t\t\t\t\t<div id=\"elementor-tab-title-1915\" class=\"elementor-tab-title elementor-tab-desktop-title\" aria-selected=\"false\" data-tab=\"5\" role=\"tab\" tabindex=\"-1\" aria-controls=\"elementor-tab-content-1915\" aria-expanded=\"false\">LANDWIRTSCHAFT  <\/div>\n\t\t\t\t\t\t\t<\/div>\n\t\t\t<div class=\"elementor-tabs-content-wrapper\" role=\"tablist\" aria-orientation=\"vertical\">\n\t\t\t\t\t\t\t\t\t<div class=\"elementor-tab-title elementor-tab-mobile-title\" aria-selected=\"true\" data-tab=\"1\" role=\"tab\" tabindex=\"0\" aria-controls=\"elementor-tab-content-1911\" aria-expanded=\"false\">UNSERE DIENSTLEISTUNGEN<\/div>\n\t\t\t\t\t<div id=\"elementor-tab-content-1911\" class=\"elementor-tab-content elementor-clearfix\" data-tab=\"1\" role=\"tabpanel\" aria-labelledby=\"elementor-tab-title-1911\" tabindex=\"0\" hidden=\"false\"><div class=\"item-service\">\n            <img decoding=\"async\" role=\"presentation\" src=\"\/images\/icons\/jurist.svg\" alt=\"\" width=\"70\" height=\"70\"><\/p>\n<div style=\"text-align: center;\">\n              <strong><br \/>\n                <span style=\"color: #3598db;\">RECHTSDIENSTLEISTUNGEN<\/span><br \/>\n              <\/strong>\n            <\/div>\n<p style=\"padding-left: 160px;\">\n<p style=\"padding-left: 160px;\"><span style=\"color: #000000;\">\u2714\ufe0fProviding Dienstleistungen zur Erlangung der Aufenthaltsgenehmigung oder der Staatsb\u00fcrgerschaft&nbsp;;<\/span><\/p>\n<p style=\"padding-left: 160px;\">\n              <span style=\"color: #000000;\">\u2714\ufe0f Aufhebung des Einreiseverbots;<\/span>\n            <\/p>\n<p style=\"padding-left: 160px;\">\n              <span style=\"color: #000000;\">\u2714\ufe0f Visumer\u00f6ffnung f\u00fcr Studenten, Arbeitnehmer, EU-L\u00e4nder;<\/span>\n            <\/p>\n<p style=\"padding-left: 160px;\">\n              <span style=\"color: #000000;\">\u2714\ufe0f Notariell beglaubigte \u00dcbersetzungen von Dokumenten;<\/span>\n            <\/p>\n<p style=\"padding-left: 160px;\">\n              <span style=\"color: #000000;\">\u2714\ufe0f Anwaltliche Dienstleistungen und Vertretung vor staatlichen Stellen in der T\u00fcrkei;<\/span>\n            <\/p>\n<p style=\"padding-left: 160px;\">\n              <span style=\"color: #000000;\">\u2714\ufe0f Beratungsdienste f\u00fcr die Gr\u00fcndung, den Erwerb und den Betrieb eines Unternehmens in der T\u00fcrkei.<\/span>\n            <\/p>\n<p style=\"padding-left: 160px;\">\n              <span style=\"color: #000000;\">  Registrierung aller erforderlichen Dokumente f\u00fcr die Eintragung einer juristischen Person.<\/span>\n            <\/p>\n<\/div>\n<\/div>\n\t\t\t\t\t\t\t\t\t<div class=\"elementor-tab-title elementor-tab-mobile-title\" aria-selected=\"false\" data-tab=\"2\" role=\"tab\" tabindex=\"-1\" aria-controls=\"elementor-tab-content-1912\" aria-expanded=\"false\">IMMOBILIEN UND WOHNSITZ<\/div>\n\t\t\t\t\t<div id=\"elementor-tab-content-1912\" class=\"elementor-tab-content elementor-clearfix\" data-tab=\"2\" role=\"tabpanel\" aria-labelledby=\"elementor-tab-title-1912\" tabindex=\"0\" hidden=\"hidden\"><div id=\"home1\"><img decoding=\"async\" role=\"presentation\" src=\"\/images\/icons\/nalog.svg\" alt=\"\" width=\"70\" height=\"70\"><\/p>\n<p style=\"text-align: center;\"><span style=\"color: #3598db;\"><br \/>\n<strong>ERLANGUNG EINER STEUERNUMMER<\/strong><br \/>\n<\/span><\/p>\n<p>Um Immobiliengesch\u00e4fte t\u00e4tigen zu k\u00f6nnen, m\u00fcssen Sie eine Steuernummer (TIN) erhalten. Sie ben\u00f6tigen ihn auch, um ein Bankkonto bei einer t\u00fcrkischen Bank zu er\u00f6ffnen. Unser Mitarbeiter hilft Ihnen beim Ausf\u00fcllen des notwendigen Formulars beim Finanzamt. Das Verfahren selbst dauert nicht l\u00e4nger als 15 Minuten. Die t\u00fcrkische Steuerbeh\u00f6rde hat B\u00fcros in allen Bezirken einer Stadt. Von den Dokumenten ben\u00f6tigen Sie nur das Original Ihres Reisepasses und eine Kopie davon. Das Anmeldeverfahren ist kostenlos. Ihre Steuernummer wird dann in die Systeme aller Finanzinstitute in der T\u00fcrkei, einschlie\u00dflich der Banken, eingegeben, was bedeutet, dass Sie auch ein Bankkonto er\u00f6ffnen k\u00f6nnen. Die Steuernummer hat kein Verfallsdatum, d.h. Es gibt keine zeitliche Begrenzung f\u00fcr ihre Verwendung.<\/p>\n<\/div>\n<div class=\"item-service\"><img decoding=\"async\" role=\"presentation\" src=\"\/images\/icons\/schet.svg\" alt=\"\" width=\"70\" height=\"70\"><\/p>\n<p style=\"text-align: center;\"><span style=\"color: #3598db;\"><br \/>\n<strong>BANKKONTOER\u00d6FFNUNG<\/strong><br \/>\n<\/span><\/p>\n<p>In der Regel kommen die meisten Ausl\u00e4nder in die T\u00fcrkei, um zu investieren oder Immobilien zu kaufen. Der erste Schritt zum Kauf eines Hauses ist die Er\u00f6ffnung eines Kontos bei einer t\u00fcrkischen Bank. Es ist ein ziemlich einfaches Verfahren. Die Schwierigkeit, mit der Ausl\u00e4nder in der Regel konfrontiert sind, ist jedoch die ber\u00fcchtigte &#8220;Sprachbarriere&#8221;. Mit uns k\u00f6nnen Sie ruhig sein! Unser Unternehmen unterst\u00fctzt seine Kunden auf dem gesamten Weg zum Immobilienerwerb, einschlie\u00dflich der Er\u00f6ffnung eines Bankkontos. F\u00fcr die Er\u00f6ffnung eines neuen Kontos ben\u00f6tigen Sie einen Reisepass (die meisten Banken verlangen eine notariell beglaubigte \u00dcbersetzung des Reisepasses), eine Steueridentifikationsnummer und ein Dokument zur Best\u00e4tigung der Adresse. Dies kann entweder eine Aufenthaltsgenehmigung oder eine auf Ihren Namen lautende Rechnung eines Versorgungsunternehmens sein. Denken Sie daran, dass die Bank auch eine Rechnung eines Versorgungsunternehmens aus dem Land Ihres Wohnsitzes akzeptieren kann. Das Wichtigste ist, dass Ihr Name und Ihre Adresse auf der Rechnung stehen. Eine gute Beziehung zu Ihrer Bank ist sehr wichtig. Es ist w\u00fcnschenswert, mit nur einer Bank zusammenzuarbeiten, um eine g\u00fcnstige Vorgeschichte zu schaffen und eine vertrauensvolle und langfristige Beziehung aufzubauen. Ihr Ruf bei der Bank wird sich verbessern, wenn Sie h\u00e4ufiger und mehr Transaktionen mit ihr durchf\u00fchren.<\/p>\n<\/div>\n<div class=\"item-service\"><img loading=\"lazy\" decoding=\"async\" role=\"presentation\" src=\"\/images\/icons\/ocenka.svg\" alt=\"\" width=\"70\" height=\"70\"><\/p>\n<div style=\"text-align: center;\"><strong><br \/>\n<span style=\"color: #3598db;\">IMMOBILIENBEWERTUNG<\/span><br \/>\n<\/strong><\/div>\n<p>Nach t\u00fcrkischem Recht muss die von einem ausl\u00e4ndischen Staatsb\u00fcrger erworbene Immobilie von einem staatlichen Sachverst\u00e4ndigen bewertet werden. Es gibt eine Reihe von Nuancen in dieser Frage, so dass wir Ihnen dringend empfehlen, sich mit diesem Thema eingehend zu befassen. \u0432  <strong><a title=\"\u00dcber die Bewertung von Immobilien in der T\u00fcrkei\" href=\"\/en\/real-estate-valuation-in-turkey\/\">Artikel<span style=\"color: #3598db;\">. <\/span>..<\/a><\/strong><\/p>\n<\/div>\n<div class=\"item-service\"><img loading=\"lazy\" decoding=\"async\" role=\"presentation\" src=\"\/images\/icons\/tapu.svg\" alt=\"\" width=\"70\" height=\"70\"><\/p>\n<div style=\"text-align: center;\"><strong><br \/>\n<span style=\"color: #3598db;\">TITULIERUNG (URKUNDE)<\/span><br \/>\n<\/strong><\/div>\n<p>Der Kauf einer Immobilie endet mit dem Erhalt der Eigentumsurkunde (TAPU), nach der der K\u00e4ufer Eigent\u00fcmer der Immobilie wird. Dies ist der wichtigste Schritt bei der Abwicklung des Kauf- und Verkaufsprozesses eines Objekts. Unsere Mitarbeiter verf\u00fcgen \u00fcber umfassende Erfahrung in der Vorbereitung eines vollst\u00e4ndigen Pakets von Dokumenten f\u00fcr den Kauf einer neuen Immobilie. Unser Unternehmen bietet Ihnen umfassende Hilfe und Unterst\u00fctzung in allen Phasen der Vorbereitung und des Abschlusses der Transaktion. F\u00fcr weitere Informationen <strong><br \/>\n  <a href=\"\/en\/contract-of-sale\/\">Informationen hier&#8230; <\/a><br \/>\n<\/strong> <\/p>\n<\/div>\n<div class=\"item-service\"><img loading=\"lazy\" decoding=\"async\" role=\"presentation\" src=\"\/images\/icons\/mebel.svg\" alt=\"\" width=\"70\" height=\"70\"><\/p>\n<div style=\"text-align: center;\"><strong><br \/>\n<span style=\"color: #3598db;\">EINRICHTUNGSGEGENST\u00c4NDE, M\u00d6BEL<\/span><br \/>\n<\/strong><\/div>\n<p>Da wir mit Gro\u00dfh\u00e4ndlern von Baumaterialien, Ger\u00e4ten und Armaturen zusammenarbeiten, haben Sie die M\u00f6glichkeit, alles, was Sie f\u00fcr die Ausstattung Ihres Hauses ben\u00f6tigen, zu Preisen zu kaufen, die viel niedriger sind, als wenn Sie alles im Einzelhandel kaufen w\u00fcrden. Dar\u00fcber hinaus unterscheiden wir uns von anderen Immobilienunternehmen vor allem dadurch, dass wir \u00fcber Produktionslinien f\u00fcr die Herstellung und den Einbau von M\u00f6beln nach individuellen Bestellungen verf\u00fcgen. Gemeinsam mit unseren Experten k\u00f6nnen Sie im Rahmen Ihres Budgets genau festlegen, was Sie f\u00fcr Ihr neues Zuhause ben\u00f6tigen, n\u00e4mlich Grundriss, Materialien, Farben usw.  <strong><a href=\"\/index.php\/ru\/about-us\/uslugi-agenstva\/izgotovlenie-mebeli\">Informationen hier&#8230;  <\/a><\/strong><\/p>\n<\/div>\n<div class=\"item-service\"><img loading=\"lazy\" decoding=\"async\" role=\"presentation\" src=\"\/images\/icons\/strahovka.svg\" alt=\"\" width=\"70\" height=\"70\"><\/p>\n<div style=\"text-align: center;\"><strong><br \/>\n<span style=\"color: #3598db;\">IMMOBILIENVERSICHERUNG<\/span><br \/>\n<\/strong><\/div>\n<p>Unser Spezialist hilft Ihnen bei Ihrer Sachversicherung. Zun\u00e4chst einmal die Gestaltung des TCIP. TCIP ist eine obligatorische Erdbebenversicherung, deren Kosten von der Gr\u00f6\u00dfe der Immobilie abh\u00e4ngen. Sie umfasst auch eine Versicherung gegen die Risiken von Feuer, Explosion, Tsunami oder Erdrutsch infolge eines Erdbebens. Die Kosten liegen zwischen 100 und 300 T\u00fcrkischen Lira (je nach Fl\u00e4che des Objekts). Die Sachversicherung sch\u00fctzt Ihr Eigentum gegen Risiken wie Feuer, Diebstahl und bestimmte Wettersch\u00e4den. Zu dieser Art von Versicherung geh\u00f6ren spezielle Versicherungsformen wie: Feuer-, Hochwasser-, Erdbeben-, Hausrat- oder Heizkesselversicherung. Im Falle dieser Sch\u00e4den garantiert die Lebens- und Sachversicherung dem Eigent\u00fcmer eine finanzielle Entsch\u00e4digung.<\/p>\n<\/div>\n<div class=\"item-service\"><img loading=\"lazy\" decoding=\"async\" role=\"presentation\" src=\"\/images\/icons\/subscriptions.svg\" alt=\"\" width=\"70\" height=\"70\"><\/p>\n<div style=\"text-align: center;\"><strong><br \/>\n<span style=\"color: #3598db;\">UTILITIES<\/span><br \/>\n<\/strong><\/div>\n<p>Anmeldung der neuen Wasser-, Gas- (falls vorhanden) und Stromrechnungen. Wir helfen Ihnen bei der Anmeldung\/Ummeldung von Wasser- und Stromrechnungen und beraten Sie, wie Sie Ihre Rechnungen am besten bezahlen k\u00f6nnen.<\/p>\n<\/div>\n<div class=\"item-service\"><img loading=\"lazy\" decoding=\"async\" role=\"presentation\" src=\"\/images\/icons\/prodaza.svg\" alt=\"\" width=\"70\" height=\"70\"><\/p>\n<div style=\"text-align: center;\"><strong><br \/>\n<span style=\"color: #3598db;\">IMMOBILIENVERKAUF<\/span><br \/>\n<\/strong><\/div>\n<p>Wenn Sie sich entschlie\u00dfen, Ihre Immobilie zu verkaufen, helfen Ihnen unsere Experten dabei, die Wirksamkeit dieser Ma\u00dfnahme zu maximieren. Wir haben eine vertragliche Beziehung zu den wichtigsten Immobilien-Werbeagenturen in der T\u00fcrkei. Wir haben Kontakte zu einem breiten Spektrum potenzieller K\u00e4ufer, sowohl zu Privatpersonen als auch zu Unternehmen. Auf diese Weise werden die Informationen \u00fcber Ihr Objekt einer gr\u00f6\u00dftm\u00f6glichen Anzahl von Interessenten zur Verf\u00fcgung gestellt.<\/p>\n<\/div>\n<div class=\"item-service\"><img loading=\"lazy\" decoding=\"async\" role=\"presentation\" src=\"\/images\/icons\/property-management.svg\" alt=\"\" width=\"70\" height=\"70\"><\/p>\n<div style=\"text-align: center;\"><strong><br \/>\n<span style=\"color: #3598db;\">IMMOBILIENVERWALTUNG<\/span><br \/>\n<\/strong><\/div>\n<p>Eigent\u00fcmer von Immobilien, insbesondere von Wohnimmobilien, haben die M\u00f6glichkeit, durch die Vermietung oder Untervermietung ihrer Fl\u00e4chen ein dauerhaftes Einkommen zu erzielen. In Feriengebieten sind solche Einrichtungen st\u00e4ndig gefragt. Unser Unternehmen bietet seinen Kunden auf vertraglicher Basis Dienstleistungen zur Vermittlung von Mietern f\u00fcr die Tages- und Langzeitmiete an. Wir bieten Ihnen die volle Kontrolle \u00fcber die Verwaltung und Erhaltung Ihres Eigentums und Ihres Lebensraums. Sie, der Sie in Ihrem Land leben, k\u00f6nnen sich in aller Ruhe um die rechtlichen Fragen der Registrierung neuer Mieter k\u00fcmmern. Wir werden kontrollieren, wer und wie in Ihre Einrichtung einzieht, und wir werden alle damit zusammenh\u00e4ngenden und obligatorischen Dokumente erstellen, so dass es keine Probleme mit den t\u00fcrkischen Aufsichtsbeh\u00f6rden gibt.<\/p>\n<\/div>\n<\/div>\n\t\t\t\t\t\t\t\t\t<div class=\"elementor-tab-title elementor-tab-mobile-title\" aria-selected=\"false\" data-tab=\"3\" role=\"tab\" tabindex=\"-1\" aria-controls=\"elementor-tab-content-1913\" aria-expanded=\"false\">KONSTRUKTION<\/div>\n\t\t\t\t\t<div id=\"elementor-tab-content-1913\" class=\"elementor-tab-content elementor-clearfix\" data-tab=\"3\" role=\"tabpanel\" aria-labelledby=\"elementor-tab-title-1913\" tabindex=\"0\" hidden=\"hidden\"><p>\n            <span style=\"color: #333300;\">  Wir f\u00fchren Bau- und Auftragsarbeiten aus, errichten Dienstleistungs- und Privatgeb\u00e4ude.<\/span><\/p>\n<p>            <span style=\"color: #333300;\">  Bauarbeiten f\u00fcr amtliche und private \u00f6ffentliche Einrichtungen und Organisationen, Tunnel, H\u00e4fen, Fabriken, Stra\u00dfen, Wohngeb\u00e4ude, Verwaltungsgeb\u00e4ude usw.<\/span><\/p>\n<p>            <span style=\"color: #333300;\">  Verbesserung der angrenzenden Bereiche von Geb\u00e4uden. Planung und schl\u00fcsselfertige \u00dcbergabe von Freib\u00e4dern und zus\u00e4tzlichen Einrichtungen.  <\/span>\n          <\/p>\n<\/div>\n\t\t\t\t\t\t\t\t\t<div class=\"elementor-tab-title elementor-tab-mobile-title\" aria-selected=\"false\" data-tab=\"4\" role=\"tab\" tabindex=\"-1\" aria-controls=\"elementor-tab-content-1914\" aria-expanded=\"false\">TOURISMUS<\/div>\n\t\t\t\t\t<div id=\"elementor-tab-content-1914\" class=\"elementor-tab-content elementor-clearfix\" data-tab=\"4\" role=\"tabpanel\" aria-labelledby=\"elementor-tab-title-1914\" tabindex=\"0\" hidden=\"hidden\"><ul>\n<li>\n<p>\n                <span style=\"color: #333300;\">Unterkunft, Erholung, Besichtigung von Sehensw\u00fcrdigkeiten, Unterhaltung, Gastronomie, umfassende touristische Einrichtungen wie Hotels, Motels, Campingpl\u00e4tze, Herbergen, Erholungszentren, Ferienh\u00e4user.<\/span>\n              <\/p>\n<\/li>\n<li>\n<p>\n                <span style=\"color: #333300;\">Durchf\u00fchrung von Bodentransporten und Transfers, die f\u00fcr die Erbringung von touristischen Dienstleistungen im In- und Ausland erforderlich sind.<\/span>\n              <\/p>\n<\/li>\n<li>\n              <span style=\"color: #333300;\">Gro\u00df- und Einzelhandel, Import, Export und Verkauf von Souvenirs aller Art und Silberschmuck f\u00fcr touristische Zwecke.<\/span>\n            <\/li>\n<\/ul>\n<\/div>\n\t\t\t\t\t\t\t\t\t<div class=\"elementor-tab-title elementor-tab-mobile-title\" aria-selected=\"false\" data-tab=\"5\" role=\"tab\" tabindex=\"-1\" aria-controls=\"elementor-tab-content-1915\" aria-expanded=\"false\">LANDWIRTSCHAFT  <\/div>\n\t\t\t\t\t<div id=\"elementor-tab-content-1915\" class=\"elementor-tab-content elementor-clearfix\" data-tab=\"5\" role=\"tabpanel\" aria-labelledby=\"elementor-tab-title-1915\" tabindex=\"0\" hidden=\"hidden\"><ul>\n<li>\n              <span style=\"color: #333300;\">Alle Arten von frischem, getrocknetem und gefrorenem Gem\u00fcse, Obst, Blumen, H\u00fclsenfr\u00fcchten, Getreide, landwirtschaftlichen Produkten, Produktion, Verarbeitung, Handel, Verpackungsdienstleistungen, Import und Export<\/span>\n            <\/li>\n<li>\n              <span style=\"color: #333300;\">Wir k\u00f6nnen Gem\u00fcse, Obst, Saatgut, Setzlinge, alle Arten von Feld- und Zierpflanzen produzieren, kaufen und verkaufen.<\/span>\n            <\/li>\n<li>\n              <span style=\"color: #333300;\">Schaffung, Nutzung, Annahme, \u00dcbertragung, Bau, Kauf und Verkauf, Verpachtung von beweglichem oder unbeweglichem Eigentum, Bauten, Weinbergen, Obstg\u00e4rten, Grundst\u00fccken, Gew\u00e4chsh\u00e4usern, landwirtschaftlichen Ger\u00e4ten, die f\u00fcr die mit der Einrichtung verbundenen T\u00e4tigkeiten erforderlich sind, auf Kosten der pers\u00f6nlichen Ersparnisse.<\/span>\n            <\/li>\n<\/ul>\n<\/div>\n\t\t\t\t\t\t\t<\/div>\n\t\t<\/div>\n\t\t\t\t\t\t<\/div>\n\t\t\t\t\t<\/div>\n\t\t<\/div>\n\t\t\t\t\t<\/div>\n\t\t<\/section>\n\t\t\t\t<\/div>\n\t\t","protected":false},"excerpt":{"rendered":"<p>DIENSTLEISTUNGEN UND AKTIVIT\u00c4TEN TRCOMPASS EMLAK CONSTRUCTION TOURISM INDUSTRY AND HANDEL COMPANY UNSERE DIENSTLEISTUNGEN IMMOBILIEN UND WOHNSITZ KONSTRUKTION TOURISMUS LANDWIRTSCHAFT UNSERE DIENSTLEISTUNGEN RECHTSDIENSTLEISTUNGEN \u2714\ufe0fProviding Dienstleistungen zur Erlangung der Aufenthaltsgenehmigung oder der Staatsb\u00fcrgerschaft&nbsp;; \u2714\ufe0f Aufhebung des Einreiseverbots; \u2714\ufe0f Visumer\u00f6ffnung f\u00fcr Studenten, Arbeitnehmer, EU-L\u00e4nder; \u2714\ufe0f Notariell beglaubigte \u00dcbersetzungen von Dokumenten; \u2714\ufe0f Anwaltliche Dienstleistungen und Vertretung vor staatlichen Stellen&#8230;<\/p>\n","protected":false},"author":1,"featured_media":0,"parent":0,"menu_order":0,"comment_status":"closed","ping_status":"closed","template":"","meta":{"inline_featured_image":false,"footnotes":""},"class_list":["post-4654","page","type-page","status-publish","hentry"],"_links":{"self":[{"href":"https:\/\/trcompass.com\/de\/wp-json\/wp\/v2\/pages\/4654","targetHints":{"allow":["GET"]}}],"collection":[{"href":"https:\/\/trcompass.com\/de\/wp-json\/wp\/v2\/pages"}],"about":[{"href":"https:\/\/trcompass.com\/de\/wp-json\/wp\/v2\/types\/page"}],"author":[{"embeddable":true,"href":"https:\/\/trcompass.com\/de\/wp-json\/wp\/v2\/users\/1"}],"replies":[{"embeddable":true,"href":"https:\/\/trcompass.com\/de\/wp-json\/wp\/v2\/comments?post=4654"}],"version-history":[{"count":0,"href":"https:\/\/trcompass.com\/de\/wp-json\/wp\/v2\/pages\/4654\/revisions"}],"wp:attachment":[{"href":"https:\/\/trcompass.com\/de\/wp-json\/wp\/v2\/media?parent=4654"}],"curies":[{"name":"wp","href":"https:\/\/api.w.org\/{rel}","templated":true}]}}