{"id":3782,"date":"2022-06-21T18:18:14","date_gmt":"2022-06-21T15:18:14","guid":{"rendered":"http:\/\/trcompass.com\/der-kaufvertrag\/"},"modified":"2022-07-25T10:19:02","modified_gmt":"2022-07-25T07:19:02","slug":"der-kaufvertrag","status":"publish","type":"page","link":"https:\/\/trcompass.com\/de\/der-kaufvertrag\/","title":{"rendered":"Kauf von Immobilien"},"content":{"rendered":"\t\t<div data-elementor-type=\"wp-page\" data-elementor-id=\"3782\" class=\"elementor elementor-3782\">\n\t\t\t\t\t\t<section class=\"elementor-section elementor-top-section elementor-element elementor-element-6d9da47 elementor-section-boxed elementor-section-height-default elementor-section-height-default\" data-id=\"6d9da47\" data-element_type=\"section\" data-e-type=\"section\">\n\t\t\t\t\t\t<div class=\"elementor-container elementor-column-gap-default\">\n\t\t\t\t\t<div class=\"elementor-column elementor-col-100 elementor-top-column elementor-element elementor-element-57062ef\" data-id=\"57062ef\" data-element_type=\"column\" data-e-type=\"column\">\n\t\t\t<div class=\"elementor-widget-wrap elementor-element-populated\">\n\t\t\t\t\t\t<div class=\"elementor-element elementor-element-6d46d6a elementor-hidden-mobile elementor-widget elementor-widget-theme-post-featured-image\" data-id=\"6d46d6a\" data-element_type=\"widget\" data-e-type=\"widget\" data-widget_type=\"theme-post-featured-image.default\">\n\t\t\t\t<div class=\"elementor-widget-container\">\n\t\t\t\t\t \t\t\t\t<\/div>\n\t\t\t\t<\/div>\n\t\t\t\t\t<\/div>\n\t\t<\/div>\n\t\t\t\t\t<\/div>\n\t\t<\/section>\n\t\t\t\t<section class=\"elementor-section elementor-top-section elementor-element elementor-element-15f1341 elementor-section-boxed elementor-section-height-default elementor-section-height-default\" data-id=\"15f1341\" data-element_type=\"section\" data-e-type=\"section\">\n\t\t\t\t\t\t<div class=\"elementor-container elementor-column-gap-default\">\n\t\t\t\t\t<div class=\"elementor-column elementor-col-100 elementor-top-column elementor-element elementor-element-c4210ba\" data-id=\"c4210ba\" data-element_type=\"column\" data-e-type=\"column\">\n\t\t\t<div class=\"elementor-widget-wrap elementor-element-populated\">\n\t\t\t\t\t\t<section class=\"elementor-section elementor-inner-section elementor-element elementor-element-c96cfe3 elementor-section-boxed elementor-section-height-default elementor-section-height-default\" data-id=\"c96cfe3\" data-element_type=\"section\" data-e-type=\"section\">\n\t\t\t\t\t\t<div class=\"elementor-container elementor-column-gap-default\">\n\t\t\t\t\t<div class=\"elementor-column elementor-col-50 elementor-inner-column elementor-element elementor-element-5adb98a\" data-id=\"5adb98a\" data-element_type=\"column\" data-e-type=\"column\">\n\t\t\t<div class=\"elementor-widget-wrap elementor-element-populated\">\n\t\t\t\t\t\t<div class=\"elementor-element elementor-element-94a7cc5 elementor-widget elementor-widget-text-editor\" data-id=\"94a7cc5\" data-element_type=\"widget\" data-e-type=\"widget\" data-widget_type=\"text-editor.default\">\n\t\t\t\t\t\t\t\t\t\n          <p> Nach Auswahl der Immobilie und endg\u00fcltiger Kaufentscheidung wird ein Kaufvertrag unterzeichnet. Um das Verfahren zu starten, muss der K\u00e4ufer nur seinen Reisepass und 1000 Euro f\u00fcr die Anzahlung vorlegen.<\/p>\n        \t\t\t\t\t\t\t\t<\/div>\n\t\t\t\t\t<\/div>\n\t\t<\/div>\n\t\t\t\t<div class=\"elementor-column elementor-col-50 elementor-inner-column elementor-element elementor-element-a36a8a6\" data-id=\"a36a8a6\" data-element_type=\"column\" data-e-type=\"column\">\n\t\t\t<div class=\"elementor-widget-wrap elementor-element-populated\">\n\t\t\t\t\t\t<div class=\"elementor-element elementor-element-c9265b6 elementor-widget elementor-widget-text-editor\" data-id=\"c9265b6\" data-element_type=\"widget\" data-e-type=\"widget\" data-widget_type=\"text-editor.default\">\n\t\t\t\t\t\t\t\t\t\n          <p>Nach t\u00fcrkischem Recht wird der Kaufvertrag in drei identischen Exemplaren in der Sprache des K\u00e4ufers und in t\u00fcrkischer Sprache abgefasst.<\/p>\n        \t\t\t\t\t\t\t\t<\/div>\n\t\t\t\t\t<\/div>\n\t\t<\/div>\n\t\t\t\t\t<\/div>\n\t\t<\/section>\n\t\t\t\t\t<\/div>\n\t\t<\/div>\n\t\t\t\t\t<\/div>\n\t\t<\/section>\n\t\t\t\t<section class=\"elementor-section elementor-top-section elementor-element elementor-element-20e341f elementor-section-boxed elementor-section-height-default elementor-section-height-default\" data-id=\"20e341f\" data-element_type=\"section\" data-e-type=\"section\">\n\t\t\t\t\t\t<div class=\"elementor-container elementor-column-gap-default\">\n\t\t\t\t\t<div class=\"elementor-column elementor-col-100 elementor-top-column elementor-element elementor-element-2276410\" data-id=\"2276410\" data-element_type=\"column\" data-e-type=\"column\">\n\t\t\t<div class=\"elementor-widget-wrap elementor-element-populated\">\n\t\t\t\t\t\t<div class=\"elementor-element elementor-element-aa92195 elementor-hidden-mobile elementor-widget elementor-widget-image\" data-id=\"aa92195\" data-element_type=\"widget\" data-e-type=\"widget\" data-widget_type=\"image.default\">\n\t\t\t\t\t\t\t\t\t\t\t\t\t\t\t<img decoding=\"async\" width=\"150\" height=\"163\" src=\"https:\/\/trcompass.com\/wp-content\/uploads\/2022\/06\/dogovor-1.png\" class=\"attachment-full size-full wp-image-3699\" alt=\"\" srcset=\"https:\/\/trcompass.com\/wp-content\/uploads\/2022\/06\/dogovor-1.png.webp 150w, https:\/\/trcompass.com\/wp-content\/uploads\/2022\/06\/dogovor-1-138x150.png.webp 138w\" sizes=\"(max-width: 150px) 100vw, 150px\" \/>\t\t\t\t\t\t\t\t\t\t\t\t\t\t\t<\/div>\n\t\t\t\t\t<\/div>\n\t\t<\/div>\n\t\t\t\t\t<\/div>\n\t\t<\/section>\n\t\t\t\t<section class=\"elementor-section elementor-top-section elementor-element elementor-element-2ca0029 elementor-section-boxed elementor-section-height-default elementor-section-height-default\" data-id=\"2ca0029\" data-element_type=\"section\" data-e-type=\"section\">\n\t\t\t\t\t\t<div class=\"elementor-container elementor-column-gap-default\">\n\t\t\t\t\t<div class=\"elementor-column elementor-col-100 elementor-top-column elementor-element elementor-element-97ba9b8\" data-id=\"97ba9b8\" data-element_type=\"column\" data-e-type=\"column\">\n\t\t\t<div class=\"elementor-widget-wrap elementor-element-populated\">\n\t\t\t\t\t\t<div class=\"elementor-element elementor-element-bae6ce0 elementor-widget elementor-widget-text-editor\" data-id=\"bae6ce0\" data-element_type=\"widget\" data-e-type=\"widget\" data-widget_type=\"text-editor.default\">\n\t\t\t\t\t\t\t\t\t\n          <h5 style=\"text-align: center;\">Was sollte der Vertrag beinhalten:<\/h5>\n          <ul>\n            <li>Offizielle Informationen \u00fcber den Verk\u00e4ufer und den K\u00e4ufer<\/li>\n            <li>Daten zum vertragsgegenst\u00e4ndlichen Immobilienobjekt. N\u00e4mlich: Grundriss, Konstruktionsmerkmale, Datum der Inbetriebnahme und so weiter.<\/li>\n            <li>Zahlungsbedingungen<\/li>\n            <li>Pflichten des Verk\u00e4ufers und des K\u00e4ufers<\/li>\n            <li>Gesetzgebung und Rechtsverfahren<\/li>\n          <\/ul>\n        \t\t\t\t\t\t\t\t<\/div>\n\t\t\t\t\t<\/div>\n\t\t<\/div>\n\t\t\t\t\t<\/div>\n\t\t<\/section>\n\t\t\t\t<section class=\"elementor-section elementor-top-section elementor-element elementor-element-e77532a elementor-section-boxed elementor-section-height-default elementor-section-height-default\" data-id=\"e77532a\" data-element_type=\"section\" data-e-type=\"section\">\n\t\t\t\t\t\t<div class=\"elementor-container elementor-column-gap-default\">\n\t\t\t\t\t<div class=\"elementor-column elementor-col-100 elementor-top-column elementor-element elementor-element-0b73b52\" data-id=\"0b73b52\" data-element_type=\"column\" data-e-type=\"column\">\n\t\t\t<div class=\"elementor-widget-wrap elementor-element-populated\">\n\t\t\t\t\t\t<div class=\"elementor-element elementor-element-8ff4d2c elementor-widget elementor-widget-text-editor\" data-id=\"8ff4d2c\" data-element_type=\"widget\" data-e-type=\"widget\" data-widget_type=\"text-editor.default\">\n\t\t\t\t\t\t\t\t\t\n          <h5 style=\"text-align: center;\">Erforderliche Dokumente:<\/h5>\n          <ul>\n            <li>Fotokopie des Reisepasses oder Personalausweises<\/li>\n            <li>Nachnamen und Namen der Mutter, des Vaters, sowohl seitens des K\u00e4ufers als auch seitens des Verk\u00e4ufers<\/li>\n          <\/ul>\n        \t\t\t\t\t\t\t\t<\/div>\n\t\t\t\t\t<\/div>\n\t\t<\/div>\n\t\t\t\t\t<\/div>\n\t\t<\/section>\n\t\t\t\t<section class=\"elementor-section elementor-top-section elementor-element elementor-element-c446472 elementor-section-boxed elementor-section-height-default elementor-section-height-default\" data-id=\"c446472\" data-element_type=\"section\" data-e-type=\"section\">\n\t\t\t\t\t\t<div class=\"elementor-container elementor-column-gap-default\">\n\t\t\t\t\t<div class=\"elementor-column elementor-col-100 elementor-top-column elementor-element elementor-element-1c70ee9\" data-id=\"1c70ee9\" data-element_type=\"column\" data-e-type=\"column\">\n\t\t\t<div class=\"elementor-widget-wrap elementor-element-populated\">\n\t\t\t\t\t\t<div class=\"elementor-element elementor-element-1100959 elementor-widget elementor-widget-text-editor\" data-id=\"1100959\" data-element_type=\"widget\" data-e-type=\"widget\" data-widget_type=\"text-editor.default\">\n\t\t\t\t\t\t\t\t\t\n          <h5 style=\"text-align: center;\">ERWERBEN DES TAPU-EIGENTUMS<\/h5>\n        \t\t\t\t\t\t\t\t<\/div>\n\t\t\t\t\t<\/div>\n\t\t<\/div>\n\t\t\t\t\t<\/div>\n\t\t<\/section>\n\t\t\t\t<section class=\"elementor-section elementor-top-section elementor-element elementor-element-8ea5951 elementor-section-boxed elementor-section-height-default elementor-section-height-default\" data-id=\"8ea5951\" data-element_type=\"section\" data-e-type=\"section\">\n\t\t\t\t\t\t<div class=\"elementor-container elementor-column-gap-default\">\n\t\t\t\t\t<div class=\"elementor-column elementor-col-100 elementor-top-column elementor-element elementor-element-2e5e108\" data-id=\"2e5e108\" data-element_type=\"column\" data-e-type=\"column\">\n\t\t\t<div class=\"elementor-widget-wrap elementor-element-populated\">\n\t\t\t\t\t\t<div class=\"elementor-element elementor-element-8cb8025 elementor-hidden-mobile elementor-widget elementor-widget-image\" data-id=\"8cb8025\" data-element_type=\"widget\" data-e-type=\"widget\" data-widget_type=\"image.default\">\n\t\t\t\t\t\t\t\t\t\t\t\t\t\t\t<img decoding=\"async\" src=\"https:\/\/trcompass.com\/wp-content\/uploads\/elementor\/thumbs\/tapu-150x180-1-r2v9fpec19mo6ewc19gxudstpb0d24lbq95297wqey.png\" title=\"tapu-150&#215;180\" alt=\"tapu-150x180\" loading=\"lazy\" \/>\t\t\t\t\t\t\t\t\t\t\t\t\t\t\t<\/div>\n\t\t\t\t\t<\/div>\n\t\t<\/div>\n\t\t\t\t\t<\/div>\n\t\t<\/section>\n\t\t\t\t<section class=\"elementor-section elementor-top-section elementor-element elementor-element-5f866e4 elementor-section-boxed elementor-section-height-default elementor-section-height-default\" data-id=\"5f866e4\" data-element_type=\"section\" data-e-type=\"section\">\n\t\t\t\t\t\t<div class=\"elementor-container elementor-column-gap-default\">\n\t\t\t\t\t<div class=\"elementor-column elementor-col-100 elementor-top-column elementor-element elementor-element-5dd1b34\" data-id=\"5dd1b34\" data-element_type=\"column\" data-e-type=\"column\">\n\t\t\t<div class=\"elementor-widget-wrap elementor-element-populated\">\n\t\t\t\t\t\t<div class=\"elementor-element elementor-element-980e6d3 elementor-drop-cap-yes elementor-drop-cap-view-default elementor-widget elementor-widget-text-editor\" data-id=\"980e6d3\" data-element_type=\"widget\" data-e-type=\"widget\" data-settings=\"{&quot;drop_cap&quot;:&quot;yes&quot;}\" data-widget_type=\"text-editor.default\">\n\t\t\t\t\t\t\t\t\t\n          <blockquote>\n            <h6> Nach den Gesetzen der Republik T\u00fcrkei ist TAPU oder Certificate of Ownership of Real Estate das einzige offizielle Dokument, das die Eigentums\u00fcbertragung auf einen neuen Eigent\u00fcmer best\u00e4tigt. TAPU wird nur vom Landeskatasteramt ausgestellt. Alle Informationen \u00fcber die Transaktion werden in dieser staatlichen Stelle gespeichert und archiviert.<\/h6>\n          <\/blockquote>\n        \t\t\t\t\t\t\t\t<\/div>\n\t\t\t\t\t<\/div>\n\t\t<\/div>\n\t\t\t\t\t<\/div>\n\t\t<\/section>\n\t\t\t\t<section class=\"elementor-section elementor-top-section elementor-element elementor-element-e4b0f1b elementor-section-boxed elementor-section-height-default elementor-section-height-default\" data-id=\"e4b0f1b\" data-element_type=\"section\" data-e-type=\"section\">\n\t\t\t\t\t\t<div class=\"elementor-container elementor-column-gap-default\">\n\t\t\t\t\t<div class=\"elementor-column elementor-col-100 elementor-top-column elementor-element elementor-element-16b0e8f\" data-id=\"16b0e8f\" data-element_type=\"column\" data-e-type=\"column\">\n\t\t\t<div class=\"elementor-widget-wrap elementor-element-populated\">\n\t\t\t\t\t\t<div class=\"elementor-element elementor-element-203155a elementor-widget elementor-widget-text-editor\" data-id=\"203155a\" data-element_type=\"widget\" data-e-type=\"widget\" data-widget_type=\"text-editor.default\">\n\t\t\t\t\t\t\t\t\t\n          <p> TAPU enth\u00e4lt Informationen \u00fcber den Eigent\u00fcmer der Immobilie, den Standort des Grundst\u00fccks, auf dem der Komplex oder die Villa gebaut wird, den Katasterwert, die Registrierungsnummer, die Wohnungsnummer und die Etage. Au\u00dferdem wird ein Foto aller Grundst\u00fcckseigent\u00fcmer in die TAPU eingef\u00fcgt. Mehrfachbesitz ist erlaubt. Die maximale Anzahl der Eigent\u00fcmer betr\u00e4gt bis zu 10 Personen.<\/p>\n          <p> Das Certificate of Title (TAPU) in der T\u00fcrkei muss unten in der Mitte der Seite gestempelt werden. Das Foto befindet sich in der oberen rechten Ecke. In einigen F\u00e4llen ist es erlaubt, ein Dokument ohne Foto auszustellen.<\/p>\n          <p> TAPU ist in zwei Farben erh\u00e4ltlich und h\u00e4ngt von der Art der Immobilie ab. Die rote TAPU wird an Eigent\u00fcmer von Wohn- und Gewerbeimmobilien (Wohnungen, Villen, H\u00e4user, Cottages) ausgegeben. Blue TAPU ist f\u00fcr Grundst\u00fccke bestimmt. Das Verfahren zur Registrierung des Eigentums an Immobilien dauert durchschnittlich 2-3 Werktage. <\/p>\n          <p> TrCompass Real Estate Agency hilft Ihnen, die Transaktion abzuschlie\u00dfen und alle erforderlichen Dokumente so schnell und sicher wie m\u00f6glich auszuf\u00fcllen. <\/p>\n        \t\t\t\t\t\t\t\t<\/div>\n\t\t\t\t\t<\/div>\n\t\t<\/div>\n\t\t\t\t\t<\/div>\n\t\t<\/section>\n\t\t\t\t<section class=\"elementor-section elementor-top-section elementor-element elementor-element-2d1e0c4 elementor-section-boxed elementor-section-height-default elementor-section-height-default\" data-id=\"2d1e0c4\" data-element_type=\"section\" data-e-type=\"section\">\n\t\t\t\t\t\t<div class=\"elementor-container elementor-column-gap-default\">\n\t\t\t\t\t<div class=\"elementor-column elementor-col-100 elementor-top-column elementor-element elementor-element-c450271\" data-id=\"c450271\" data-element_type=\"column\" data-e-type=\"column\">\n\t\t\t<div class=\"elementor-widget-wrap elementor-element-populated\">\n\t\t\t\t\t\t<div class=\"elementor-element elementor-element-e45cf21 elementor-view-default elementor-widget elementor-widget-icon\" data-id=\"e45cf21\" data-element_type=\"widget\" data-e-type=\"widget\" data-widget_type=\"icon.default\">\n\t\t\t\t\t\t\t<div class=\"elementor-icon-wrapper\">\n\t\t\t<div class=\"elementor-icon\">\n\t\t\t<svg aria-hidden=\"true\" class=\"e-font-icon-svg e-fas-exclamation-circle\" viewBox=\"0 0 512 512\" xmlns=\"http:\/\/www.w3.org\/2000\/svg\"><path d=\"M504 256c0 136.997-111.043 248-248 248S8 392.997 8 256C8 119.083 119.043 8 256 8s248 111.083 248 248zm-248 50c-25.405 0-46 20.595-46 46s20.595 46 46 46 46-20.595 46-46-20.595-46-46-46zm-43.673-165.346l7.418 136c.347 6.364 5.609 11.346 11.982 11.346h48.546c6.373 0 11.635-4.982 11.982-11.346l7.418-136c.375-6.874-5.098-12.654-11.982-12.654h-63.383c-6.884 0-12.356 5.78-11.981 12.654z\"><\/path><\/svg>\t\t\t<\/div>\n\t\t<\/div>\n\t\t\t\t\t\t<\/div>\n\t\t\t\t<div class=\"elementor-element elementor-element-f0e36ee elementor-widget elementor-widget-text-editor\" data-id=\"f0e36ee\" data-element_type=\"widget\" data-e-type=\"widget\" data-widget_type=\"text-editor.default\">\n\t\t\t\t\t\t\t\t\t\n          <p> Denken Sie daran, dass die folgenden Schritte ausgef\u00fchrt werden m\u00fcssen, bevor Sie den Besitz eines Objekts \u00fcbernehmen:<\/p>\n          <ul>\n            <li>\u00dcberpr\u00fcfen Sie die mit der Instandhaltung des Objekts verbundenen Schulden.<\/li>\n            <li>Zahlung an den Verk\u00e4ufer des Objekts leisten.<\/li>\n            <li>Bezahlen Sie alle Geb\u00fchren und Steuern auf die gekaufte Immobilie.<\/li>\n          <\/ul>\n        \t\t\t\t\t\t\t\t<\/div>\n\t\t\t\t<div class=\"elementor-element elementor-element-5f74190 elementor-widget elementor-widget-accordion\" data-id=\"5f74190\" data-element_type=\"widget\" data-e-type=\"widget\" data-widget_type=\"accordion.default\">\n\t\t\t\t\t\t\t<div class=\"elementor-accordion\">\n\t\t\t\t\t\t\t<div class=\"elementor-accordion-item\">\n\t\t\t\t\t<div id=\"elementor-tab-title-1001\" class=\"elementor-tab-title\" data-tab=\"1\" role=\"button\" aria-controls=\"elementor-tab-content-1001\" aria-expanded=\"false\">\n\t\t\t\t\t\t\t\t\t\t\t\t\t<span class=\"elementor-accordion-icon elementor-accordion-icon-left\" aria-hidden=\"true\">\n\t\t\t\t\t\t\t\t\t\t\t\t\t\t\t<span class=\"elementor-accordion-icon-closed\"><svg class=\"e-font-icon-svg e-fas-plus\" viewBox=\"0 0 448 512\" xmlns=\"http:\/\/www.w3.org\/2000\/svg\"><path d=\"M416 208H272V64c0-17.67-14.33-32-32-32h-32c-17.67 0-32 14.33-32 32v144H32c-17.67 0-32 14.33-32 32v32c0 17.67 14.33 32 32 32h144v144c0 17.67 14.33 32 32 32h32c17.67 0 32-14.33 32-32V304h144c17.67 0 32-14.33 32-32v-32c0-17.67-14.33-32-32-32z\"><\/path><\/svg><\/span>\n\t\t\t\t\t\t\t\t<span class=\"elementor-accordion-icon-opened\"><svg class=\"e-font-icon-svg e-fas-minus\" viewBox=\"0 0 448 512\" xmlns=\"http:\/\/www.w3.org\/2000\/svg\"><path d=\"M416 208H32c-17.67 0-32 14.33-32 32v32c0 17.67 14.33 32 32 32h384c17.67 0 32-14.33 32-32v-32c0-17.67-14.33-32-32-32z\"><\/path><\/svg><\/span>\n\t\t\t\t\t\t\t\t\t\t\t\t\t\t<\/span>\n\t\t\t\t\t\t\t\t\t\t\t\t<a class=\"elementor-accordion-title\" tabindex=\"0\">Holen Sie sich eine t\u00fcrkische Steuernummer<\/a>\n\t\t\t\t\t<\/div>\n\t\t\t\t\t<div id=\"elementor-tab-content-1001\" class=\"elementor-tab-content elementor-clearfix\" data-tab=\"1\" role=\"region\" aria-labelledby=\"elementor-tab-title-1001\">\n          <ul>\n            <li>Eine Steuernummer erhalten Sie bei jeder Zweigstelle des t\u00fcrkischen Finanzamtes. Steuernummer ist erforderlich, um ein t\u00fcrkisches Bankkonto zu er\u00f6ffnen, eine Aufenthaltserlaubnis in der T\u00fcrkei zu erhalten und Steuern zu zahlen.<\/li>\n            <li>Erhalten Sie eine unabh\u00e4ngige Expertenbewertung der gekauften Immobilie. Die Immobilienagentur TrCompass f\u00fchrt in nur 3-5 Werktagen eine fachm\u00e4nnische Bewertung von Wohnungen durch.<\/li>\n          <\/ul>\n        <\/div>\n\t\t\t\t<\/div>\n\t\t\t\t\t\t\t<div class=\"elementor-accordion-item\">\n\t\t\t\t\t<div id=\"elementor-tab-title-1002\" class=\"elementor-tab-title\" data-tab=\"2\" role=\"button\" aria-controls=\"elementor-tab-content-1002\" aria-expanded=\"false\">\n\t\t\t\t\t\t\t\t\t\t\t\t\t<span class=\"elementor-accordion-icon elementor-accordion-icon-left\" aria-hidden=\"true\">\n\t\t\t\t\t\t\t\t\t\t\t\t\t\t\t<span class=\"elementor-accordion-icon-closed\"><svg class=\"e-font-icon-svg e-fas-plus\" viewBox=\"0 0 448 512\" xmlns=\"http:\/\/www.w3.org\/2000\/svg\"><path d=\"M416 208H272V64c0-17.67-14.33-32-32-32h-32c-17.67 0-32 14.33-32 32v144H32c-17.67 0-32 14.33-32 32v32c0 17.67 14.33 32 32 32h144v144c0 17.67 14.33 32 32 32h32c17.67 0 32-14.33 32-32V304h144c17.67 0 32-14.33 32-32v-32c0-17.67-14.33-32-32-32z\"><\/path><\/svg><\/span>\n\t\t\t\t\t\t\t\t<span class=\"elementor-accordion-icon-opened\"><svg class=\"e-font-icon-svg e-fas-minus\" viewBox=\"0 0 448 512\" xmlns=\"http:\/\/www.w3.org\/2000\/svg\"><path d=\"M416 208H32c-17.67 0-32 14.33-32 32v32c0 17.67 14.33 32 32 32h384c17.67 0 32-14.33 32-32v-32c0-17.67-14.33-32-32-32z\"><\/path><\/svg><\/span>\n\t\t\t\t\t\t\t\t\t\t\t\t\t\t<\/span>\n\t\t\t\t\t\t\t\t\t\t\t\t<a class=\"elementor-accordion-title\" tabindex=\"0\">Die folgenden Dokumente sind erforderlich, um TAPU zu erhalten<\/a>\n\t\t\t\t\t<\/div>\n\t\t\t\t\t<div id=\"elementor-tab-content-1002\" class=\"elementor-tab-content elementor-clearfix\" data-tab=\"2\" role=\"region\" aria-labelledby=\"elementor-tab-title-1002\">\n          <ul>\n            <li>Ausl\u00e4ndischer Reisepass des K\u00e4ufers und dessen notariell beglaubigte \u00dcbersetzung<\/li>\n            <li>Steuernummer<\/li>\n            <li>4 Farbfotos 3&#215;4 cm<\/li>\n          <\/ul>\n        <\/div>\n\t\t\t\t<\/div>\n\t\t\t\t\t\t\t<div class=\"elementor-accordion-item\">\n\t\t\t\t\t<div id=\"elementor-tab-title-1003\" class=\"elementor-tab-title\" data-tab=\"3\" role=\"button\" aria-controls=\"elementor-tab-content-1003\" aria-expanded=\"false\">\n\t\t\t\t\t\t\t\t\t\t\t\t\t<span class=\"elementor-accordion-icon elementor-accordion-icon-left\" aria-hidden=\"true\">\n\t\t\t\t\t\t\t\t\t\t\t\t\t\t\t<span class=\"elementor-accordion-icon-closed\"><svg class=\"e-font-icon-svg e-fas-plus\" viewBox=\"0 0 448 512\" xmlns=\"http:\/\/www.w3.org\/2000\/svg\"><path d=\"M416 208H272V64c0-17.67-14.33-32-32-32h-32c-17.67 0-32 14.33-32 32v144H32c-17.67 0-32 14.33-32 32v32c0 17.67 14.33 32 32 32h144v144c0 17.67 14.33 32 32 32h32c17.67 0 32-14.33 32-32V304h144c17.67 0 32-14.33 32-32v-32c0-17.67-14.33-32-32-32z\"><\/path><\/svg><\/span>\n\t\t\t\t\t\t\t\t<span class=\"elementor-accordion-icon-opened\"><svg class=\"e-font-icon-svg e-fas-minus\" viewBox=\"0 0 448 512\" xmlns=\"http:\/\/www.w3.org\/2000\/svg\"><path d=\"M416 208H32c-17.67 0-32 14.33-32 32v32c0 17.67 14.33 32 32 32h384c17.67 0 32-14.33 32-32v-32c0-17.67-14.33-32-32-32z\"><\/path><\/svg><\/span>\n\t\t\t\t\t\t\t\t\t\t\t\t\t\t<\/span>\n\t\t\t\t\t\t\t\t\t\t\t\t<a class=\"elementor-accordion-title\" tabindex=\"0\">Die Eigentums\u00fcbertragung vom Verk\u00e4ufer auf den K\u00e4ufer erfolgt beim Katasteramt in Anwesenheit des K\u00e4ufers, des Verk\u00e4ufers und eines vereidigten \u00dcbersetzers.<\/a>\n\t\t\t\t\t<\/div>\n\t\t\t\t\t<div id=\"elementor-tab-content-1003\" class=\"elementor-tab-content elementor-clearfix\" data-tab=\"3\" role=\"region\" aria-labelledby=\"elementor-tab-title-1003\">\n          <ul>\n            <li>Einreichung von Dokumenten und Katastergeb\u00fchren ca. 200-500 Euro<\/li>\n            <li>Zahlung der Umsatz- und Erwerbssteuer 4 % des Sch\u00e4tzwerts des im Gutachten angegebenen Objekts<\/li>\n            <li>Dolmetscherdienste 100 Euro<\/li>\n          <\/ul>\n        <\/div>\n\t\t\t\t<\/div>\n\t\t\t\t\t\t\t<div class=\"elementor-accordion-item\">\n\t\t\t\t\t<div id=\"elementor-tab-title-1004\" class=\"elementor-tab-title\" data-tab=\"4\" role=\"button\" aria-controls=\"elementor-tab-content-1004\" aria-expanded=\"false\">\n\t\t\t\t\t\t\t\t\t\t\t\t\t<span class=\"elementor-accordion-icon elementor-accordion-icon-left\" aria-hidden=\"true\">\n\t\t\t\t\t\t\t\t\t\t\t\t\t\t\t<span class=\"elementor-accordion-icon-closed\"><svg class=\"e-font-icon-svg e-fas-plus\" viewBox=\"0 0 448 512\" xmlns=\"http:\/\/www.w3.org\/2000\/svg\"><path d=\"M416 208H272V64c0-17.67-14.33-32-32-32h-32c-17.67 0-32 14.33-32 32v144H32c-17.67 0-32 14.33-32 32v32c0 17.67 14.33 32 32 32h144v144c0 17.67 14.33 32 32 32h32c17.67 0 32-14.33 32-32V304h144c17.67 0 32-14.33 32-32v-32c0-17.67-14.33-32-32-32z\"><\/path><\/svg><\/span>\n\t\t\t\t\t\t\t\t<span class=\"elementor-accordion-icon-opened\"><svg class=\"e-font-icon-svg e-fas-minus\" viewBox=\"0 0 448 512\" xmlns=\"http:\/\/www.w3.org\/2000\/svg\"><path d=\"M416 208H32c-17.67 0-32 14.33-32 32v32c0 17.67 14.33 32 32 32h384c17.67 0 32-14.33 32-32v-32c0-17.67-14.33-32-32-32z\"><\/path><\/svg><\/span>\n\t\t\t\t\t\t\t\t\t\t\t\t\t\t<\/span>\n\t\t\t\t\t\t\t\t\t\t\t\t<a class=\"elementor-accordion-title\" tabindex=\"0\">Vorbereitung der zugeh\u00f6rigen Dokumente<\/a>\n\t\t\t\t\t<\/div>\n\t\t\t\t\t<div id=\"elementor-tab-content-1004\" class=\"elementor-tab-content elementor-clearfix\" data-tab=\"4\" role=\"region\" aria-labelledby=\"elementor-tab-title-1004\">\n          <ul>\n            <li>DASK-Versicherung (obligatorische Erdbebenversicherung)<\/li>\n            <li>Registrierung von Wasser- und Stromz\u00e4hlern<\/li>\n            <li>Ausstellung des technischen Passes &#8220;Iskan&#8221; f\u00fcr die Nutzung einer einzelnen Immobilieneinheit &#8211; Wohnung f\u00fcr Wohnung (nur f\u00fcr Neubauten)<\/li>\n          <\/ul>\n        <\/div>\n\t\t\t\t<\/div>\n\t\t\t\t\t\t\t\t<\/div>\n\t\t\t\t\t\t<\/div>\n\t\t\t\t\t<\/div>\n\t\t<\/div>\n\t\t\t\t\t<\/div>\n\t\t<\/section>\n\t\t\t\t<\/div>\n\t\t","protected":false},"excerpt":{"rendered":"<p>Nach Auswahl der Immobilie und endg\u00fcltiger Kaufentscheidung wird ein Kaufvertrag unterzeichnet. Um das Verfahren zu starten, muss der K\u00e4ufer nur seinen Reisepass und 1000 Euro f\u00fcr die Anzahlung vorlegen. Nach t\u00fcrkischem Recht wird der Kaufvertrag in drei identischen Exemplaren in der Sprache des K\u00e4ufers und in t\u00fcrkischer Sprache abgefasst. Was sollte der Vertrag beinhalten: Offizielle&#8230;<\/p>\n","protected":false},"author":1,"featured_media":0,"parent":0,"menu_order":0,"comment_status":"closed","ping_status":"closed","template":"","meta":{"inline_featured_image":false,"footnotes":""},"class_list":["post-3782","page","type-page","status-publish","hentry"],"_links":{"self":[{"href":"https:\/\/trcompass.com\/de\/wp-json\/wp\/v2\/pages\/3782","targetHints":{"allow":["GET"]}}],"collection":[{"href":"https:\/\/trcompass.com\/de\/wp-json\/wp\/v2\/pages"}],"about":[{"href":"https:\/\/trcompass.com\/de\/wp-json\/wp\/v2\/types\/page"}],"author":[{"embeddable":true,"href":"https:\/\/trcompass.com\/de\/wp-json\/wp\/v2\/users\/1"}],"replies":[{"embeddable":true,"href":"https:\/\/trcompass.com\/de\/wp-json\/wp\/v2\/comments?post=3782"}],"version-history":[{"count":0,"href":"https:\/\/trcompass.com\/de\/wp-json\/wp\/v2\/pages\/3782\/revisions"}],"wp:attachment":[{"href":"https:\/\/trcompass.com\/de\/wp-json\/wp\/v2\/media?parent=3782"}],"curies":[{"name":"wp","href":"https:\/\/api.w.org\/{rel}","templated":true}]}}