{"id":3601,"date":"2022-06-20T13:14:02","date_gmt":"2022-06-20T10:14:02","guid":{"rendered":"http:\/\/trcompass.com\/camyuva\/"},"modified":"2023-08-11T15:15:28","modified_gmt":"2023-08-11T12:15:28","slug":"camyuva","status":"publish","type":"page","link":"https:\/\/trcompass.com\/de\/camyuva\/","title":{"rendered":"\u00c7amyuva"},"content":{"rendered":"\t\t<div data-elementor-type=\"wp-page\" data-elementor-id=\"3601\" class=\"elementor elementor-3601 elementor-3577\">\n\t\t\t\t\t\t<section class=\"elementor-section elementor-top-section elementor-element elementor-element-192fc51 elementor-section-boxed elementor-section-height-default elementor-section-height-default\" data-id=\"192fc51\" data-element_type=\"section\" data-e-type=\"section\">\n\t\t\t\t\t\t<div class=\"elementor-container elementor-column-gap-default\">\n\t\t\t\t\t<div class=\"elementor-column elementor-col-100 elementor-top-column elementor-element elementor-element-0d3e555\" data-id=\"0d3e555\" data-element_type=\"column\" data-e-type=\"column\">\n\t\t\t<div class=\"elementor-widget-wrap elementor-element-populated\">\n\t\t\t\t\t\t<div class=\"elementor-element elementor-element-0f95e3c elementor-widget elementor-widget-image\" data-id=\"0f95e3c\" data-element_type=\"widget\" data-e-type=\"widget\" data-widget_type=\"image.default\">\n\t\t\t\t\t\t\t\t\t\t\t\t\t\t\t<img decoding=\"async\" src=\"http:\/\/trcompass.com\/wp-content\/uploads\/2022\/06\/Camyuva.jpg\" title=\"\" alt=\"\" loading=\"lazy\" \/>\t\t\t\t\t\t\t\t\t\t\t\t\t\t\t<\/div>\n\t\t\t\t<div class=\"elementor-element elementor-element-d7c29d8 elementor-widget elementor-widget-text-editor\" data-id=\"d7c29d8\" data-element_type=\"widget\" data-e-type=\"widget\" data-widget_type=\"text-editor.default\">\n\t\t\t\t\t\t\t\t\t<p>Camyuva (ausgesprochen Chamyoova) ist eine kleine Stadt im Bezirk Kemer in der Provinz Antalya, T\u00fcrkei, s\u00fcdlich der zentralen Stadt Kemer. W\u00e4hrend es fr\u00fcher ein Dorf ohne Gemeindeverwaltung war, wurde es k\u00fcrzlich mit dem Nachbardorf Kiri\u015f zusammengelegt, und der offizielle Name der beiden Agglomerationen und der Name der gegr\u00fcndeten Gemeinde ist \u00c7amyuva. Obwohl in den letzten Jahren viel gebaut wurde, sind diese beiden St\u00e4dte immer noch ber\u00fchmt f\u00fcr ihre zahlreichen Oliven- und Orangenhaine.<\/p>\n<p>Die Talstation der Olympos Aerial Tram befindet sich in der N\u00e4he von Camyuva.<\/p>\n<p><a href=\"https:\/\/tr.wikipedia.org\/wiki\/%C3%87amyuva,_Kemer\"><span style=\"color: #4dc7ec;\">Wikipedia<\/span><\/a> , der freien Enzyklop\u00e4die.<\/p>\n<div id=\"simple-translate\">\n<div>\n<div class=\"simple-translate-button isShow\" style=\"background-image: url('chrome-extension:\/\/ibplnjkanclpjokhdolnendpplpjiace\/icons\/512.png'); height: 22px; width: 22px; top: 85px; left: 264px;\"> <\/div>\n<div class=\"simple-translate-panel \" style=\"width: 300px; height: 200px; top: 0px; left: 0px; font-size: 13px; background-color: #ffffff;\">\n<div class=\"simple-translate-result-wrapper\" style=\"overflow: hidden;\">\n<div class=\"simple-translate-move\" draggable=\"true\"> <\/div>\n<div class=\"simple-translate-result-contents\">\n<p class=\"simple-translate-result\" dir=\"auto\" style=\"color: #000000;\">\n<p class=\"simple-translate-candidate\" dir=\"auto\" style=\"color: #737373;\">\n<\/div>\n<\/div>\n<\/div>\n<\/div>\n<\/div>\n\t\t\t\t\t\t\t\t<\/div>\n\t\t\t\t\t<\/div>\n\t\t<\/div>\n\t\t\t\t\t<\/div>\n\t\t<\/section>\n\t\t\t\t<\/div>\n\t\t","protected":false},"excerpt":{"rendered":"<p>Camyuva (ausgesprochen Chamyoova) ist eine kleine Stadt im Bezirk Kemer in der Provinz Antalya, T\u00fcrkei, s\u00fcdlich der zentralen Stadt Kemer. W\u00e4hrend es fr\u00fcher ein Dorf ohne Gemeindeverwaltung war, wurde es k\u00fcrzlich mit dem Nachbardorf Kiri\u015f zusammengelegt, und der offizielle Name der beiden Agglomerationen und der Name der gegr\u00fcndeten Gemeinde ist \u00c7amyuva. Obwohl in den letzten&#8230;<\/p>\n","protected":false},"author":1,"featured_media":0,"parent":0,"menu_order":0,"comment_status":"closed","ping_status":"closed","template":"","meta":{"inline_featured_image":false,"footnotes":""},"class_list":["post-3601","page","type-page","status-publish","hentry"],"_links":{"self":[{"href":"https:\/\/trcompass.com\/de\/wp-json\/wp\/v2\/pages\/3601","targetHints":{"allow":["GET"]}}],"collection":[{"href":"https:\/\/trcompass.com\/de\/wp-json\/wp\/v2\/pages"}],"about":[{"href":"https:\/\/trcompass.com\/de\/wp-json\/wp\/v2\/types\/page"}],"author":[{"embeddable":true,"href":"https:\/\/trcompass.com\/de\/wp-json\/wp\/v2\/users\/1"}],"replies":[{"embeddable":true,"href":"https:\/\/trcompass.com\/de\/wp-json\/wp\/v2\/comments?post=3601"}],"version-history":[{"count":0,"href":"https:\/\/trcompass.com\/de\/wp-json\/wp\/v2\/pages\/3601\/revisions"}],"wp:attachment":[{"href":"https:\/\/trcompass.com\/de\/wp-json\/wp\/v2\/media?parent=3601"}],"curies":[{"name":"wp","href":"https:\/\/api.w.org\/{rel}","templated":true}]}}