{"id":1905,"date":"2022-05-23T13:27:19","date_gmt":"2022-05-23T10:27:19","guid":{"rendered":"http:\/\/trcompass.com\/?page_id=1905"},"modified":"2023-05-15T19:08:24","modified_gmt":"2023-05-15T16:08:24","slug":"nebenkosten","status":"publish","type":"page","link":"https:\/\/trcompass.com\/de\/nebenkosten\/","title":{"rendered":"Zus\u00e4tzliche Kosten"},"content":{"rendered":"\t\t<div data-elementor-type=\"wp-page\" data-elementor-id=\"1905\" class=\"elementor elementor-1905 elementor-3057\">\n\t\t\t\t\t\t<section class=\"elementor-section elementor-top-section elementor-element elementor-element-6f74f94 elementor-section-boxed elementor-section-height-default elementor-section-height-default\" data-id=\"6f74f94\" data-element_type=\"section\" data-e-type=\"section\">\n\t\t\t\t\t\t<div class=\"elementor-container elementor-column-gap-default\">\n\t\t\t\t\t<div class=\"elementor-column elementor-col-100 elementor-top-column elementor-element elementor-element-b8d7ff8\" data-id=\"b8d7ff8\" data-element_type=\"column\" data-e-type=\"column\">\n\t\t\t<div class=\"elementor-widget-wrap elementor-element-populated\">\n\t\t\t\t\t\t<div class=\"elementor-element elementor-element-30f423c elementor-widget elementor-widget-text-editor\" data-id=\"30f423c\" data-element_type=\"widget\" data-e-type=\"widget\" data-widget_type=\"text-editor.default\">\n\t\t\t\t\t\t\t\t\t<p>\n            <img decoding=\"async\" class=\"size-full wp-image-1907 alignleft\" src=\"http:\/\/trcompass.com\/wp-content\/uploads\/2020\/02\/nebenkosten.png\" alt=\"\" width=\"86\" height=\"97\">\n          <\/p>\n<p>Haushaltsplanung ist eine g\u00e4ngige Praxis f\u00fcr alle modernen Familien. Dies gilt insbesondere f\u00fcr die Instandhaltungskosten von Wohnungen, die einen monatlichen Budgetposten f\u00fcr jeden Immobilienbesitzer darstellen. Ein weiterer Vorteil von H\u00e4usern und Wohnungen in der T\u00fcrkei sind nicht nur die niedrigen Quadratmeterpreise, sondern auch die geringen Unterhaltskosten. In der s\u00fcdlichen Republik gibt es keine Miete, und die Kosten f\u00fcr die Instandhaltung von Immobilien werden in fixe und variable Kosten aufgeteilt.<\/p><\/p>\n\t\t\t\t\t\t\t\t<\/div>\n\t\t\t\t\t<\/div>\n\t\t<\/div>\n\t\t\t\t\t<\/div>\n\t\t<\/section>\n\t\t\t\t<section class=\"elementor-section elementor-top-section elementor-element elementor-element-3089d79 elementor-section-boxed elementor-section-height-default elementor-section-height-default\" data-id=\"3089d79\" data-element_type=\"section\" data-e-type=\"section\">\n\t\t\t\t\t\t<div class=\"elementor-container elementor-column-gap-default\">\n\t\t\t\t\t<div class=\"elementor-column elementor-col-50 elementor-top-column elementor-element elementor-element-e7d1c8e\" data-id=\"e7d1c8e\" data-element_type=\"column\" data-e-type=\"column\">\n\t\t\t<div class=\"elementor-widget-wrap elementor-element-populated\">\n\t\t\t\t\t\t<div class=\"elementor-element elementor-element-24e08df elementor-view-framed elementor-shape-circle elementor-position-block-start elementor-mobile-position-block-start elementor-widget elementor-widget-icon-box\" data-id=\"24e08df\" data-element_type=\"widget\" data-e-type=\"widget\" data-widget_type=\"icon-box.default\">\n\t\t\t\t\t\t\t<div class=\"elementor-icon-box-wrapper\">\n\n\t\t\t\t\t\t<div class=\"elementor-icon-box-icon\">\n\t\t\t\t<span  class=\"elementor-icon\">\n\t\t\t\t<svg xmlns=\"http:\/\/www.w3.org\/2000\/svg\" xmlns:xlink=\"http:\/\/www.w3.org\/1999\/xlink\" id=\"Capa_1\" x=\"0px\" y=\"0px\" width=\"200px\" height=\"200px\" viewBox=\"0 0 480 480\" style=\"enable-background:new 0 0 480 480;\" xml:space=\"preserve\"><style type=\"text\/css\">\t.st0{fill:#394041;}<\/style><g>\t<g>\t\t<path class=\"st0\" d=\"M125.1,383.1c-5.5-3.6-11.7-5.9-18.2-6.7c12.5-9.8,20.2-24.5,21.1-40.4c0-52.9-30.5-64-56-64s-56,11.1-56,64   c0.9,15.9,8.6,30.6,21.1,40.4C15.9,379,0,397,0,418.4V472c0,4.4,3.6,8,8,8h128c4.4,0,8-3.6,8-8v-53.6   C144,404.2,136.9,391,125.1,383.1z M32.4,327.5C34.6,300.7,47.2,288,72,288c22.7,0,35.2,10.7,38.8,33.1l-26.7-16   c-3.8-2.3-8.7-1-11,2.7c-0.3,0.5-0.5,1-0.7,1.6C68.4,321.6,46.5,326.2,32.4,327.5z M33.1,343.6c13.7-1.1,38.4-5.3,49.9-20.4   l28.6,17.2C108.4,359.9,84.3,376,72,376C54.2,373,39.3,360.6,33.1,343.6z M78.6,422.1l-6.6,6.6l-6.6-6.6l6.6-16.5L78.6,422.1z    M128,464H16v-45.6c0-14.6,11.8-26.4,26.4-26.4h17.8l-11.6,29c-1.2,3-0.5,6.4,1.8,8.6l16,16c3.1,3.1,8.2,3.1,11.3,0l16-16   c2.3-2.3,3-5.7,1.8-8.6l-11.6-29h17.8c14.6,0,26.4,11.8,26.4,26.4V464z\"><\/path>\t<\/g><\/g><g>\t<g>\t\t<path class=\"st0\" d=\"M293.1,383.1c-5.5-3.6-11.7-5.9-18.2-6.7c12.5-9.8,20.2-24.5,21.1-40.4c0-52.9-30.5-64-56-64s-56,11.1-56,64   c0.9,15.9,8.6,30.6,21.1,40.4c-21.2,2.6-37.1,20.6-37.1,42V472c0,4.4,3.6,8,8,8h128c4.4,0,8-3.6,8-8v-53.6   C312,404.2,304.9,391,293.1,383.1z M200.4,327.5c2.2-26.8,14.8-39.5,39.6-39.5c22.7,0,35.2,10.7,38.8,33.1l-26.7-16   c-3.8-2.3-8.7-1-11,2.7c-0.3,0.5-0.5,1-0.7,1.6C236.4,321.6,214.5,326.2,200.4,327.5z M201.1,343.6c13.7-1.1,38.4-5.3,49.9-20.4   l28.6,17.2c-3.2,19.6-27.3,35.7-39.6,35.7C222.2,373,207.3,360.6,201.1,343.6z M246.6,422.1l-6.6,6.6l-6.6-6.6l6.6-16.5   L246.6,422.1z M296,464H184v-45.6c0-14.6,11.8-26.4,26.4-26.4h17.8l-11.6,29c-1.2,3-0.5,6.4,1.8,8.6l16,16c3.1,3.1,8.2,3.1,11.3,0   l16-16c2.3-2.3,3-5.7,1.8-8.6l-11.6-29h17.8c14.6,0,26.4,11.8,26.4,26.4V464z\"><\/path>\t<\/g><\/g><g>\t<g>\t\t<path class=\"st0\" d=\"M461.1,383.1c-5.5-3.6-11.7-5.9-18.2-6.7c12.5-9.8,20.2-24.5,21.1-40.4c0-52.9-30.5-64-56-64s-56,11.1-56,64   c0.9,15.9,8.6,30.6,21.1,40.4c-21.2,2.6-37.1,20.6-37.1,42V472c0,4.4,3.6,8,8,8h128c4.4,0,8-3.6,8-8v-53.6   C480,404.2,472.9,391,461.1,383.1z M368.4,327.5c2.2-26.8,14.8-39.5,39.6-39.5c22.7,0,35.2,10.7,38.8,33.1l-26.7-16   c-3.8-2.3-8.7-1-11,2.7c-0.3,0.5-0.5,1-0.7,1.6C404.4,321.6,382.5,326.2,368.4,327.5z M369.1,343.6c13.7-1.1,38.4-5.3,49.9-20.4   l28.6,17.2c-3.2,19.6-27.3,35.7-39.6,35.7C390.2,373,375.3,360.6,369.1,343.6z M414.6,422.1l-6.6,6.6l-6.6-6.6l6.6-16.5   L414.6,422.1z M464,464H352v-45.6c0-14.6,11.8-26.4,26.4-26.4h17.8l-11.6,29c-1.2,3-0.5,6.4,1.8,8.6l16,16c3.1,3.1,8.2,3.1,11.3,0   l16-16c2.3-2.3,3-5.7,1.8-8.6l-11.6-29h17.8c14.6,0,26.4,11.8,26.4,26.4V464z\"><\/path>\t<\/g><\/g><g>\t<g>\t\t<path class=\"st0\" d=\"M368,240V136c0-4.4-3.6-8-8-8h-72v-24c0-4.4-3.6-8-8-8h-48.6c-11.7-20.4-33.8-32.7-57.4-32   c-35.1,2-62.4,31.2-62,66.4c0,20.9,5.9,41.3,17.2,59l32.3,50.7H152v16h224v-16H368z M200,240h-9.4l9.4-14.8V240z M176,233.1   l-33.3-52.4c-9.6-15-14.7-32.5-14.7-50.4c-0.5-26.5,20-48.7,46.5-50.4h1.5c26.5,0,48,21.5,48,48v2.4c0,17.9-5.1,35.3-14.7,50.4   L176,233.1z M272,240h-56v-40l6.8-10.7c11.2-17.6,17.2-38.1,17.2-59V128c0-5.4-0.7-10.8-2.1-16H272V240z M328,240h-16v-24h16V240z    M352,152h-16v16h16v8h-16v16h16v48h-8v-32c0-4.4-3.6-8-8-8h-32c-4.4,0-8,3.6-8,8v32h-8v-48h16v-16h-16v-8h16v-16h-16v-8h64V152z\"><\/path>\t<\/g><\/g><g>\t<g>\t\t<rect x=\"248\" y=\"120\" class=\"st0\" width=\"16\" height=\"16\"><\/rect>\t<\/g><\/g><g>\t<g>\t\t<rect x=\"312\" y=\"152\" class=\"st0\" width=\"16\" height=\"16\"><\/rect>\t<\/g><\/g><g>\t<g>\t\t<rect x=\"312\" y=\"176\" class=\"st0\" width=\"16\" height=\"16\"><\/rect>\t<\/g><\/g><g>\t<g>\t\t<rect x=\"248\" y=\"144\" class=\"st0\" width=\"16\" height=\"16\"><\/rect>\t<\/g><\/g><g>\t<g>\t\t<rect x=\"248\" y=\"168\" class=\"st0\" width=\"16\" height=\"16\"><\/rect>\t<\/g><\/g><g>\t<g>\t\t<rect x=\"224\" y=\"192\" class=\"st0\" width=\"16\" height=\"16\"><\/rect>\t<\/g><\/g><g>\t<g>\t\t<rect x=\"248\" y=\"192\" class=\"st0\" width=\"16\" height=\"16\"><\/rect>\t<\/g><\/g><g>\t<g>\t\t<rect x=\"224\" y=\"216\" class=\"st0\" width=\"16\" height=\"16\"><\/rect>\t<\/g><\/g><g>\t<g>\t\t<rect x=\"248\" y=\"216\" class=\"st0\" width=\"16\" height=\"16\"><\/rect>\t<\/g><\/g><g>\t<g>\t\t<path class=\"st0\" d=\"M443.9,166.9l-15.7,3.2c1,4.9,1.8,9.9,2.4,14.9l15.9-1.9C445.9,177.7,445,172.2,443.9,166.9z\"><\/path>\t<\/g><\/g><g>\t<g>\t\t<path class=\"st0\" d=\"M36,167.3c-1.1,5.3-1.9,10.8-2.6,16.1l15.9,1.9c0.6-4.9,1.4-9.9,2.4-14.9L36,167.3z\"><\/path>\t<\/g><\/g><g>\t<g>\t\t<path class=\"st0\" d=\"M421.3,106l-13.9,7.9c2.5,4.3,4.8,8.8,6.9,13.4l14.5-6.8C426.5,115.6,424,110.7,421.3,106z\"><\/path>\t<\/g><\/g><g>\t<g>\t\t<path class=\"st0\" d=\"M403.1,78.9l-12.6,9.9c3.1,3.9,6.1,8,8.9,12.2l13.3-8.9C409.7,87.6,406.5,83.2,403.1,78.9z\"><\/path>\t<\/g><\/g><g>\t<g>\t\t<path class=\"st0\" d=\"M76.7,79.2c-3.4,4.2-6.6,8.7-9.6,13.2l13.3,8.9c2.8-4.2,5.8-8.2,8.9-12.2L76.7,79.2z\"><\/path>\t<\/g><\/g><g>\t<g>\t\t<path class=\"st0\" d=\"M381,55l-10.8,11.8c3.7,3.4,7.3,7,10.7,10.6l11.7-10.9C388.9,62.6,385,58.8,381,55z\"><\/path>\t<\/g><\/g><g>\t<g>\t\t<path class=\"st0\" d=\"M58.5,106.3c-2.6,4.7-5.1,9.6-7.4,14.5l14.5,6.7c2.1-4.6,4.4-9.1,6.9-13.4L58.5,106.3z\"><\/path>\t<\/g><\/g><g>\t<g>\t\t<path class=\"st0\" d=\"M44.8,135.9c-1.9,5.1-3.6,10.3-5,15.5l15.4,4.3c1.4-4.8,2.9-9.6,4.7-14.3L44.8,135.9z\"><\/path>\t<\/g><\/g><g>\t<g>\t\t<path class=\"st0\" d=\"M98.8,55.2c-4,3.7-7.9,7.6-11.5,11.5L99,77.6c3.4-3.7,7-7.2,10.6-10.6L98.8,55.2z\"><\/path>\t<\/g><\/g><g>\t<g>\t\t<path class=\"st0\" d=\"M435,135.6l-15,5.6c1.8,4.7,3.3,9.5,4.7,14.3l15.4-4.4C438.6,145.9,436.9,140.7,435,135.6z\"><\/path>\t<\/g><\/g><g>\t<g>\t\t<path class=\"st0\" d=\"M183.4,7.8c-5.2,1.5-10.5,3.2-15.5,5l5.5,15c4.6-1.7,9.5-3.3,14.3-4.7L183.4,7.8z\"><\/path>\t<\/g><\/g><g>\t<g>\t\t<path class=\"st0\" d=\"M215.4,1.4c-5.3,0.6-10.8,1.5-16.1,2.5l3.1,15.7c4.9-1,10-1.8,14.9-2.4L215.4,1.4z\"><\/path>\t<\/g><\/g><g>\t<g>\t\t<path class=\"st0\" d=\"M231.7,0.2l0.6,16c5-0.2,10.1-0.2,15.1,0l0.6-16C242.6-0.1,237.1,0,231.7,0.2z\"><\/path>\t<\/g><\/g><g>\t<g>\t\t<path class=\"st0\" d=\"M152.8,19.1c-4.9,2.3-9.8,4.8-14.5,7.4l7.8,14c4.4-2.5,8.9-4.8,13.4-6.9L152.8,19.1z\"><\/path>\t<\/g><\/g><g>\t<g>\t\t<path class=\"st0\" d=\"M264.2,1.4l-1.8,15.9c4.9,0.6,9.9,1.4,14.9,2.3l3.1-15.7C275,2.9,269.6,2,264.2,1.4z\"><\/path>\t<\/g><\/g><g>\t<g>\t\t<path class=\"st0\" d=\"M355.3,34.9l-8.9,13.3c4.1,2.8,8.2,5.7,12.2,8.8l9.9-12.6C364.2,41.1,359.8,37.8,355.3,34.9z\"><\/path>\t<\/g><\/g><g>\t<g>\t\t<path class=\"st0\" d=\"M296.2,7.7l-4.3,15.4c4.8,1.3,9.6,2.9,14.3,4.6l5.5-15C306.7,10.8,301.4,9.2,296.2,7.7z\"><\/path>\t<\/g><\/g><g>\t<g>\t\t<path class=\"st0\" d=\"M124.4,35.1c-4.5,3-9,6.3-13.2,9.6l9.9,12.6c3.9-3.1,8-6.1,12.2-8.9L124.4,35.1z\"><\/path>\t<\/g><\/g><g>\t<g>\t\t<path class=\"st0\" d=\"M326.8,18.9l-6.7,14.5c4.5,2.1,9,4.4,13.4,6.8l7.8-14C336.6,23.7,331.8,21.2,326.8,18.9z\"><\/path>\t<\/g><\/g><g>\t<g>\t\t<path class=\"st0\" d=\"M176,96c-17.7,0-32,14.3-32,32s14.3,32,32,32s32-14.3,32-32S193.7,96,176,96z M176,144c-8.8,0-16-7.2-16-16   s7.2-16,16-16s16,7.2,16,16C192,136.8,184.8,144,176,144z\"><\/path>\t<\/g><\/g><\/svg>\t\t\t\t<\/span>\n\t\t\t<\/div>\n\t\t\t\n\t\t\t\t\t\t<div class=\"elementor-icon-box-content\">\n\n\t\t\t\t\t\t\t\t\t<h3 class=\"elementor-icon-box-title\">\n\t\t\t\t\t\t<span  >\n\t\t\t\t\t\t\tFestkosten\t\t\t\t\t\t<\/span>\n\t\t\t\t\t<\/h3>\n\t\t\t\t\n\t\t\t\t\t\t\t\t\t<p class=\"elementor-icon-box-description\">\n\t\t\t\t\t\t  Fixe Kosten sind das monatlich zu zahlende Aydat und die j\u00e4hrliche Grundsteuer.\n\n  Die Aydat bezieht sich auf die monatliche Wartungsgeb\u00fchr f\u00fcr die Anlage.\n\n  Die j\u00e4hrliche Grundsteuer (Emlak vergisi) basiert auf dem Katasterwert und h\u00e4ngt von der Gr\u00f6\u00dfe des Grundst\u00fccks ab. Der Katasterwert ist anderthalb Mal niedriger als der Marktwert und liegt zwischen 50 und 200 \u20ac pro Jahr.\t\t\t\t\t<\/p>\n\t\t\t\t\n\t\t\t<\/div>\n\t\t\t\n\t\t<\/div>\n\t\t\t\t\t\t<\/div>\n\t\t\t\t\t<\/div>\n\t\t<\/div>\n\t\t\t\t<div class=\"elementor-column elementor-col-50 elementor-top-column elementor-element elementor-element-40edcd2\" data-id=\"40edcd2\" data-element_type=\"column\" data-e-type=\"column\">\n\t\t\t<div class=\"elementor-widget-wrap elementor-element-populated\">\n\t\t\t\t\t\t<div class=\"elementor-element elementor-element-1e48e9e elementor-view-framed elementor-shape-circle elementor-position-block-start elementor-mobile-position-block-start elementor-widget elementor-widget-icon-box\" data-id=\"1e48e9e\" data-element_type=\"widget\" data-e-type=\"widget\" data-widget_type=\"icon-box.default\">\n\t\t\t\t\t\t\t<div class=\"elementor-icon-box-wrapper\">\n\n\t\t\t\t\t\t<div class=\"elementor-icon-box-icon\">\n\t\t\t\t<span  class=\"elementor-icon\">\n\t\t\t\t<svg xmlns=\"http:\/\/www.w3.org\/2000\/svg\" xmlns:xlink=\"http:\/\/www.w3.org\/1999\/xlink\" id=\"&#x421;&#x43B;&#x43E;&#x439;_1\" x=\"0px\" y=\"0px\" width=\"200px\" height=\"200px\" viewBox=\"0 0 480 480\" style=\"enable-background:new 0 0 480 480;\" xml:space=\"preserve\"><style type=\"text\/css\">\t.st0{fill:#394041;}<\/style><path class=\"st0\" d=\"M184,288c-44.2,0-80,35.8-80,80s35.8,80,80,80s80-35.8,80-80C264,323.8,228.2,288,184,288z M184,432 c-35.3,0-64-28.7-64-64s28.7-64,64-64s64,28.7,64,64C248,403.3,219.3,432,184,432z\"><\/path><path class=\"st0\" d=\"M184,344c9.8,0,16,4.7,16,8h16c0-11.4-10.1-20.6-24-23.2V320h-16v8.8c-13.9,2.6-24,11.8-24,23.2 c0,13.5,14.1,24,32,24c9.8,0,16,4.7,16,8s-6.2,8-16,8s-16-4.7-16-8h-16c0,11.4,10.1,20.6,24,23.2v8.8h16v-8.8 c13.9-2.6,24-11.8,24-23.2c0-13.5-14.1-24-32-24c-9.8,0-16-4.7-16-8S174.2,344,184,344z\"><\/path><path class=\"st0\" d=\"M408,464H72V272h128c13.3,0,24-10.7,24-24V48h88v96h96v112h16V132.7L323.3,32H224v-8c0-13.3-10.7-24-24-24H24 C10.7,0,0,10.7,0,24v224c0,13.3,10.7,24,24,24h32v208h368V368h-16V464z M328,59.3l68.7,68.7H328V59.3z M16,248V24c0-4.4,3.6-8,8-8 h176c4.4,0,8,3.6,8,8v224c0,4.4-3.6,8-8,8H24C19.6,256,16,252.4,16,248z\"><\/path><path class=\"st0\" d=\"M256,200h16v16h-16V200z\"><\/path><path class=\"st0\" d=\"M288,200h96v16h-96V200z\"><\/path><path class=\"st0\" d=\"M256,168h16v16h-16V168z\"><\/path><path class=\"st0\" d=\"M288,168h96v16h-96V168z\"><\/path><path class=\"st0\" d=\"M256,232h16v16h-16V232z\"><\/path><path class=\"st0\" d=\"M288,232h96v16h-96V232z\"><\/path><path class=\"st0\" d=\"M256,264h16v16h-16V264z\"><\/path><path class=\"st0\" d=\"M288,264h96v16h-96V264z\"><\/path><path class=\"st0\" d=\"M200,24H24v56h176V24z M184,64H40V40h144V64z\"><\/path><path class=\"st0\" d=\"M64,88H48c-8.8,0-16,7.2-16,16v16c0,8.8,7.2,16,16,16h16c8.8,0,16-7.2,16-16v-16C80,95.2,72.8,88,64,88z  M48,120v-16h16v16H48z\"><\/path><path class=\"st0\" d=\"M120,88h-16c-8.8,0-16,7.2-16,16v16c0,8.8,7.2,16,16,16h16c8.8,0,16-7.2,16-16v-16C136,95.2,128.8,88,120,88z  M104,120v-16h16v16H104z\"><\/path><path class=\"st0\" d=\"M176,88h-16c-8.8,0-16,7.2-16,16v16c0,8.8,7.2,16,16,16h16c8.8,0,16-7.2,16-16v-16C192,95.2,184.8,88,176,88z  M160,120v-16h16v16H160z\"><\/path><path class=\"st0\" d=\"M64,144H48c-8.8,0-16,7.2-16,16v16c0,8.8,7.2,16,16,16h16c8.8,0,16-7.2,16-16v-16C80,151.2,72.8,144,64,144z  M48,176v-16h16v16H48z\"><\/path><path class=\"st0\" d=\"M120,144h-16c-8.8,0-16,7.2-16,16v16c0,8.8,7.2,16,16,16h16c8.8,0,16-7.2,16-16v-16 C136,151.2,128.8,144,120,144z M104,176v-16h16v16H104z\"><\/path><path class=\"st0\" d=\"M176,144h-16c-8.8,0-16,7.2-16,16v16c0,8.8,7.2,16,16,16h16c8.8,0,16-7.2,16-16v-16 C192,151.2,184.8,144,176,144z M160,176v-16h16v16H160z\"><\/path><path class=\"st0\" d=\"M64,200H48c-8.8,0-16,7.2-16,16v16c0,8.8,7.2,16,16,16h16c8.8,0,16-7.2,16-16v-16C80,207.2,72.8,200,64,200z  M48,232v-16h16v16H48z\"><\/path><path class=\"st0\" d=\"M120,200h-16c-8.8,0-16,7.2-16,16v16c0,8.8,7.2,16,16,16h16c8.8,0,16-7.2,16-16v-16 C136,207.2,128.8,200,120,200z M104,232v-16h16v16H104z\"><\/path><path class=\"st0\" d=\"M176,200h-16c-8.8,0-16,7.2-16,16v16c0,8.8,7.2,16,16,16h16c8.8,0,16-7.2,16-16v-16 C192,207.2,184.8,200,176,200z M160,232v-16h16v16H160z\"><\/path><path class=\"st0\" d=\"M472.7,255.3c-9.5-9.1-24.4-9.1-33.9,0L301.7,392.4c-0.7,0.7-1.2,1.5-1.6,2.3l-19.3,41.9c-1.4,3-0.8,6.6,1.6,9 c2.4,2.4,6,3,9,1.6l41.9-19.3c0.9-0.4,1.6-0.9,2.3-1.6l137.1-137.1C482.1,279.8,482.1,264.6,472.7,255.3z M325.3,414l-21,9.7l9.7-21 l102.3-102.3l11.3,11.3L325.3,414z M438.9,300.4l-11.3-11.3l5.6-5.6l11.3,11.3L438.9,300.4z M461.4,277.9l-5.7,5.7l-11.3-11.3 l5.7-5.7c3.2-3,8.1-3,11.3,0C464.6,269.7,464.6,274.7,461.4,277.9z\"><\/path><\/svg>\t\t\t\t<\/span>\n\t\t\t<\/div>\n\t\t\t\n\t\t\t\t\t\t<div class=\"elementor-icon-box-content\">\n\n\t\t\t\t\t\t\t\t\t<h3 class=\"elementor-icon-box-title\">\n\t\t\t\t\t\t<span  >\n\t\t\t\t\t\t\tVariabel Kosten\t\t\t\t\t\t<\/span>\n\t\t\t\t\t<\/h3>\n\t\t\t\t\n\t\t\t\t\t\t\t\t\t<p class=\"elementor-icon-box-description\">\n\t\t\t\t\t\tDie variablen Kosten f\u00fcr den Unterhalt der Wohnung sind Gas, Wasser und Strom.\n\n  Es sei darauf hingewiesen, dass der Eigent\u00fcmer nicht alle Rechnungen selbst bezahlen muss, insbesondere wenn er nicht im Lande ist. Die moderne Technik macht es m\u00f6glich, dies automatisch zu tun.\n\n  Bei der Einrichtung eines Bankkontos kann der Hauseigent\u00fcmer einen automatischen Zahlungsdienst beauftragen, der den erforderlichen Betrag f\u00fcr Strom und Wasser vom pers\u00f6nlichen Bankkonto abbucht.\n\n\t\t\t\t\t<\/p>\n\t\t\t\t\n\t\t\t<\/div>\n\t\t\t\n\t\t<\/div>\n\t\t\t\t\t\t<\/div>\n\t\t\t\t\t<\/div>\n\t\t<\/div>\n\t\t\t\t\t<\/div>\n\t\t<\/section>\n\t\t\t\t<\/div>\n\t\t","protected":false},"excerpt":{"rendered":"<p>Haushaltsplanung ist eine g\u00e4ngige Praxis f\u00fcr alle modernen Familien. Dies gilt insbesondere f\u00fcr die Instandhaltungskosten von Wohnungen, die einen monatlichen Budgetposten f\u00fcr jeden Immobilienbesitzer darstellen. Ein weiterer Vorteil von H\u00e4usern und Wohnungen in der T\u00fcrkei sind nicht nur die niedrigen Quadratmeterpreise, sondern auch die geringen Unterhaltskosten. In der s\u00fcdlichen Republik gibt es keine Miete, und&#8230;<\/p>\n","protected":false},"author":1,"featured_media":0,"parent":0,"menu_order":0,"comment_status":"closed","ping_status":"closed","template":"","meta":{"inline_featured_image":false,"footnotes":""},"class_list":["post-1905","page","type-page","status-publish","hentry"],"_links":{"self":[{"href":"https:\/\/trcompass.com\/de\/wp-json\/wp\/v2\/pages\/1905","targetHints":{"allow":["GET"]}}],"collection":[{"href":"https:\/\/trcompass.com\/de\/wp-json\/wp\/v2\/pages"}],"about":[{"href":"https:\/\/trcompass.com\/de\/wp-json\/wp\/v2\/types\/page"}],"author":[{"embeddable":true,"href":"https:\/\/trcompass.com\/de\/wp-json\/wp\/v2\/users\/1"}],"replies":[{"embeddable":true,"href":"https:\/\/trcompass.com\/de\/wp-json\/wp\/v2\/comments?post=1905"}],"version-history":[{"count":0,"href":"https:\/\/trcompass.com\/de\/wp-json\/wp\/v2\/pages\/1905\/revisions"}],"wp:attachment":[{"href":"https:\/\/trcompass.com\/de\/wp-json\/wp\/v2\/media?parent=1905"}],"curies":[{"name":"wp","href":"https:\/\/api.w.org\/{rel}","templated":true}]}}