{"id":1558,"date":"2022-05-06T18:42:05","date_gmt":"2022-05-06T15:42:05","guid":{"rendered":"http:\/\/trcompass.com\/?page_id=1558"},"modified":"2023-05-15T19:17:59","modified_gmt":"2023-05-15T16:17:59","slug":"about-us","status":"publish","type":"page","link":"https:\/\/trcompass.com\/de\/about-us\/","title":{"rendered":"\u00dcber uns"},"content":{"rendered":"\t\t<div data-elementor-type=\"wp-page\" data-elementor-id=\"1558\" class=\"elementor elementor-1558 elementor-2948\">\n\t\t\t\t\t\t<section class=\"elementor-section elementor-top-section elementor-element elementor-element-b1ad906 elementor-section-boxed elementor-section-height-default elementor-section-height-default\" data-id=\"b1ad906\" data-element_type=\"section\" data-e-type=\"section\">\n\t\t\t\t\t\t<div class=\"elementor-container elementor-column-gap-default\">\n\t\t\t\t\t<div class=\"elementor-column elementor-col-100 elementor-top-column elementor-element elementor-element-6dfa281\" data-id=\"6dfa281\" data-element_type=\"column\" data-e-type=\"column\">\n\t\t\t<div class=\"elementor-widget-wrap elementor-element-populated\">\n\t\t\t\t\t\t<div class=\"elementor-element elementor-element-92068a5 elementor-widget elementor-widget-wp-widget-custom_html\" data-id=\"92068a5\" data-element_type=\"widget\" data-e-type=\"widget\" data-widget_type=\"wp-widget-custom_html.default\">\n\t\t\t\t<div class=\"elementor-widget-container\">\n\t\t\t\t\t<div class=\"textwidget custom-html-widget\"><h2 style=\"text-align: center\">\n            <span style=\"color: #34495e\">TrCompass Real Estate<\/span><br \/>\n          <\/h2>\n<p style=\"text-align: center\">\n            <span style=\"color: #34495e\">Registrierung in der Republik T\u00fcrkei unter einem juristischen Namen<\/span>\n          <\/p>\n<h2 style=\"text-align: center\">\n            <span style=\"color: #236fa1\">TRCOMPASS EMLAK I\u0307N\u015eAAT TURI\u0307ZM SANAYI\u0307 VE TI\u0307CARET LI\u0307MI\u0307TED <sup>\u015eI\u0307RKETI\u0307\u00ae<\/sup><\/span><br \/>\n          <\/h2>\n<h4 class=\"elementor-heading-title elementor-size-default\" style=\"text-align: center\">\n            <span style=\"color: #236fa1\">TRCOMPASS EMLAK CONSTRUCTION TOURISM INDUSTRY AND TRADE LIMITED <sup>COMPANY\u00ae<\/sup><\/span><br \/>\n          <\/h4>\n<h3 style=\"text-align: center\">\n            <span style=\"color: #00204d\">\u00dcber uns<\/span><br \/>\n          <\/h3>\n<div style=\"text-align: center\"><strong>TrCompass Real Estate<\/strong> ( Emlak ) ist ein lizenziertes Immobilienb\u00fcro, das auch f\u00fcr Bau-, Tourismus- und Handelsaktivit\u00e4ten in der Republik T\u00fcrkei zugelassen ist.  <\/div>\n<div style=\"text-align: center\"> <\/div>\n<div style=\"text-align: center\">\n            <span style=\"font-size: 18px\"><br \/>\n              <strong>Wir bieten eine breite Palette von Dienstleistungen in den Bereichen Immobilienkauf und -vermietung, Treuhandverwaltung sowie Einwanderungsl\u00f6sungen - Aufenthaltsgenehmigung und t\u00fcrkische Staatsb\u00fcrgerschaft.<\/strong><br \/>\n            <\/span>\n          <\/div>\n<div style=\"text-align: center\">\n<hr><\/div>\n<p style=\"text-align: center\">Anmeldung bei der Industrie- und Handelskammer Antalya.<\/p>\n<\/div>\t\t\t\t<\/div>\n\t\t\t\t<\/div>\n\t\t\t\t\t<\/div>\n\t\t<\/div>\n\t\t\t\t\t<\/div>\n\t\t<\/section>\n\t\t\t\t<section class=\"elementor-section elementor-top-section elementor-element elementor-element-d707a5f elementor-section-boxed elementor-section-height-default elementor-section-height-default\" data-id=\"d707a5f\" data-element_type=\"section\" data-e-type=\"section\">\n\t\t\t\t\t\t<div class=\"elementor-container elementor-column-gap-default\">\n\t\t\t\t\t<div class=\"elementor-column elementor-col-100 elementor-top-column elementor-element elementor-element-6390f84\" data-id=\"6390f84\" data-element_type=\"column\" data-e-type=\"column\">\n\t\t\t<div class=\"elementor-widget-wrap elementor-element-populated\">\n\t\t\t\t\t\t<div class=\"elementor-element elementor-element-f66382f elementor-widget elementor-widget-image\" data-id=\"f66382f\" data-element_type=\"widget\" data-e-type=\"widget\" data-widget_type=\"image.default\">\n\t\t\t\t\t\t\t\t\t\t\t\t\t\t\t<img fetchpriority=\"high\" decoding=\"async\" width=\"828\" height=\"540\" src=\"https:\/\/trcompass.com\/wp-content\/uploads\/2022\/07\/cert7-1-1024x668.jpg\" class=\"attachment-large size-large wp-image-4700\" alt=\"\" srcset=\"https:\/\/trcompass.com\/wp-content\/uploads\/2022\/07\/cert7-1-1024x668.jpg 1024w, https:\/\/trcompass.com\/wp-content\/uploads\/2022\/07\/cert7-1-300x196.jpg 300w, https:\/\/trcompass.com\/wp-content\/uploads\/2022\/07\/cert7-1-768x501.jpg 768w, https:\/\/trcompass.com\/wp-content\/uploads\/2022\/07\/cert7-1-150x98.jpg 150w, https:\/\/trcompass.com\/wp-content\/uploads\/2022\/07\/cert7-1.jpg 1076w\" sizes=\"(max-width: 828px) 100vw, 828px\" \/>\t\t\t\t\t\t\t\t\t\t\t\t\t\t\t<\/div>\n\t\t\t\t\t<\/div>\n\t\t<\/div>\n\t\t\t\t\t<\/div>\n\t\t<\/section>\n\t\t\t\t<section class=\"elementor-section elementor-top-section elementor-element elementor-element-7a7a9ce elementor-section-boxed elementor-section-height-default elementor-section-height-default\" data-id=\"7a7a9ce\" data-element_type=\"section\" data-e-type=\"section\">\n\t\t\t\t\t\t<div class=\"elementor-container elementor-column-gap-default\">\n\t\t\t\t\t<div class=\"elementor-column elementor-col-100 elementor-top-column elementor-element elementor-element-952c1f7\" data-id=\"952c1f7\" data-element_type=\"column\" data-e-type=\"column\">\n\t\t\t<div class=\"elementor-widget-wrap elementor-element-populated\">\n\t\t\t\t\t\t<div class=\"elementor-element elementor-element-7bd3ca2 elementor-widget elementor-widget-image\" data-id=\"7bd3ca2\" data-element_type=\"widget\" data-e-type=\"widget\" data-widget_type=\"image.default\">\n\t\t\t\t\t\t\t\t\t\t\t\t\t\t\t<img decoding=\"async\" width=\"825\" height=\"612\" src=\"https:\/\/trcompass.com\/wp-content\/uploads\/2022\/07\/cert6-2-1024x760.jpg\" class=\"attachment-large size-large wp-image-4696\" alt=\"\" srcset=\"https:\/\/trcompass.com\/wp-content\/uploads\/2022\/07\/cert6-2-1024x760.jpg 1024w, https:\/\/trcompass.com\/wp-content\/uploads\/2022\/07\/cert6-2-300x223.jpg 300w, https:\/\/trcompass.com\/wp-content\/uploads\/2022\/07\/cert6-2-768x570.jpg 768w, https:\/\/trcompass.com\/wp-content\/uploads\/2022\/07\/cert6-2-150x111.jpg 150w, https:\/\/trcompass.com\/wp-content\/uploads\/2022\/07\/cert6-2-82x60.jpg 82w, https:\/\/trcompass.com\/wp-content\/uploads\/2022\/07\/cert6-2.jpg 1030w\" sizes=\"(max-width: 825px) 100vw, 825px\" \/>\t\t\t\t\t\t\t\t\t\t\t\t\t\t\t<\/div>\n\t\t\t\t\t<\/div>\n\t\t<\/div>\n\t\t\t\t\t<\/div>\n\t\t<\/section>\n\t\t\t\t<\/div>\n\t\t","protected":false},"excerpt":{"rendered":"","protected":false},"author":1,"featured_media":0,"parent":0,"menu_order":0,"comment_status":"closed","ping_status":"closed","template":"","meta":{"inline_featured_image":false,"footnotes":""},"class_list":["post-1558","page","type-page","status-publish","hentry"],"_links":{"self":[{"href":"https:\/\/trcompass.com\/de\/wp-json\/wp\/v2\/pages\/1558","targetHints":{"allow":["GET"]}}],"collection":[{"href":"https:\/\/trcompass.com\/de\/wp-json\/wp\/v2\/pages"}],"about":[{"href":"https:\/\/trcompass.com\/de\/wp-json\/wp\/v2\/types\/page"}],"author":[{"embeddable":true,"href":"https:\/\/trcompass.com\/de\/wp-json\/wp\/v2\/users\/1"}],"replies":[{"embeddable":true,"href":"https:\/\/trcompass.com\/de\/wp-json\/wp\/v2\/comments?post=1558"}],"version-history":[{"count":0,"href":"https:\/\/trcompass.com\/de\/wp-json\/wp\/v2\/pages\/1558\/revisions"}],"wp:attachment":[{"href":"https:\/\/trcompass.com\/de\/wp-json\/wp\/v2\/media?parent=1558"}],"curies":[{"name":"wp","href":"https:\/\/api.w.org\/{rel}","templated":true}]}}